{"id":1824,"date":"2025-08-02T13:22:08","date_gmt":"2025-08-02T13:22:08","guid":{"rendered":"https:\/\/seyyarservis.com\/selsa\/f\/"},"modified":"2025-12-25T12:17:53","modified_gmt":"2025-12-25T12:17:53","slug":"forschung-und-entwicklung","status":"publish","type":"page","link":"https:\/\/selsa.com\/de\/forschung-und-entwicklung\/","title":{"rendered":"Forschung und Entwicklung"},"content":{"rendered":"\t\t<div data-elementor-type=\"wp-page\" data-elementor-id=\"1824\" class=\"elementor elementor-1824 elementor-386\" data-elementor-post-type=\"page\">\n\t\t\t\t<div class=\"elementor-element elementor-element-6157031 e-con-full sayfa-brd e-flex e-con e-parent\" data-id=\"6157031\" data-element_type=\"container\" data-settings=\"{&quot;background_background&quot;:&quot;classic&quot;}\">\n\t\t<div class=\"elementor-element elementor-element-19661a20 e-con-full e-flex e-con e-child\" data-id=\"19661a20\" data-element_type=\"container\">\n\t\t\t\t<div class=\"elementor-element elementor-element-316b169e elementor-widget__width-initial elementor-widget-tablet__width-initial elementor-widget-mobile__width-initial elementor-widget elementor-widget-text-editor\" data-id=\"316b169e\" data-element_type=\"widget\" data-widget_type=\"text-editor.default\">\n\t\t\t\t\t\t\t\t\t<h1>SONDERMASCHINENBAU<\/h1>\t\t\t\t\t\t\t\t<\/div>\n\t\t\t\t<div class=\"elementor-element elementor-element-1ca60817 elementor-widget elementor-widget-text-editor\" data-id=\"1ca60817\" data-element_type=\"widget\" data-widget_type=\"text-editor.default\">\n\t\t\t\t\t\t\t\t\t<p style=\"\" font-weight:=\"\">Wir stellen Maschinen her, die f\u00fcr unsere eigenen Bed\u00fcrfnisse und die Bed\u00fcrfnisse unserer Kunden geeignet sind.<br><br><\/p>\t\t\t\t\t\t\t\t<\/div>\n\t\t\t\t<\/div>\n\t\t\t\t<\/div>\n\t\t<div class=\"elementor-element elementor-element-5e0760dc e-con-full e-flex e-con e-parent\" data-id=\"5e0760dc\" data-element_type=\"container\">\n\t\t\t\t<div class=\"elementor-element elementor-element-e5d26bc elementor-widget elementor-widget-heading\" data-id=\"e5d26bc\" data-element_type=\"widget\" data-widget_type=\"heading.default\">\n\t\t\t\t\t<h2 class=\"elementor-heading-title elementor-size-default\">SPEZIELLE FERTIGUNG JE NACH BEDARF<\/h2>\t\t\t\t<\/div>\n\t\t\t\t<div class=\"elementor-element elementor-element-520c558a elementor-widget elementor-widget-text-editor\" data-id=\"520c558a\" data-element_type=\"widget\" data-widget_type=\"text-editor.default\">\n\t\t\t\t\t\t\t\t\t<p>Wir fertigen Sondermaschinen, die hervorragend an die Dynamik, die Bed\u00fcrfnisse, die Bedingungen und die Reflexe des Marktes angepasst sind und entwickeln diese mit Freude stets weiter. Wir fertigen Sondermaschinen, die hervorragend an die Dynamik, die Bed\u00fcrfnisse, die Bedingungen und die Reflexe des Marktes angepasst sind und entwickeln diese mit Freude stets weiter. <\/p>\t\t\t\t\t\t\t\t<\/div>\n\t\t\t\t<div class=\"elementor-element elementor-element-56f325c elementor-widget__width-initial elementor-widget elementor-widget-text-editor\" data-id=\"56f325c\" data-element_type=\"widget\" data-widget_type=\"text-editor.default\">\n\t\t\t\t\t\t\t\t\t<ul><li>Null-Fehler bei der Planung und der Fertigung von High-Tech-Sondermaschinen<\/li><li>Flexible und schnelle Umr\u00fcstbarkeit entsprechend der Serienproduktion<\/li><\/ul>\t\t\t\t\t\t\t\t<\/div>\n\t\t\t\t<\/div>\n\t\t<div class=\"elementor-element elementor-element-6d41c7b5 e-con-full e-flex e-con e-parent\" data-id=\"6d41c7b5\" data-element_type=\"container\">\n\t\t\t\t<div class=\"elementor-element elementor-element-3e472a55 elementor-widget elementor-widget-heading\" data-id=\"3e472a55\" data-element_type=\"widget\" data-widget_type=\"heading.default\">\n\t\t\t\t\t<h2 class=\"elementor-heading-title elementor-size-default\">SCHL\u00dcSSEL ZUM ERFOLG - FORSCHUNG UND ENTWICKLUNG\n<\/h2>\t\t\t\t<\/div>\n\t\t\t\t<div class=\"elementor-element elementor-element-1eb30315 elementor-widget elementor-widget-text-editor\" data-id=\"1eb30315\" data-element_type=\"widget\" data-widget_type=\"text-editor.default\">\n\t\t\t\t\t\t\t\t\t<p>Jede einzelne T\u00e4tigkeit, Branche, jeder einzelne Kunde und jedes Ziel unserer Kunden inspiriert uns, ein neues Niveau an Spitzenleistung zu erreichen und erh\u00f6ht die einzigartige Fertigungskapazit\u00e4t von SELSA.<\/p>\t\t\t\t\t\t\t\t<\/div>\n\t\t\t\t<div class=\"elementor-element elementor-element-5d7cc634 elementor-widget__width-initial elementor-widget elementor-widget-text-editor\" data-id=\"5d7cc634\" data-element_type=\"widget\" data-widget_type=\"text-editor.default\">\n\t\t\t\t\t\t\t\t\t<div class=\"col-md-12\"><p>Wir haben stets das Ziel vor Augen, im internationalen Wettbewerb bei Dienstleistungen und der Preis-Globalisierung sowie der Erneuerung und Entwicklung von Fertigungstechnologien in der vordersten Reihe zu stehen. Wir wissen, dass dies nur durch Forschung und Entwicklung realisiert werden kann und setzen unsere Investitionen in diesem Bereich stets fort.<\/p><\/div><div class=\"galeri row\"> <\/div>\t\t\t\t\t\t\t\t<\/div>\n\t\t\t\t<\/div>\n\t\t<div class=\"elementor-element elementor-element-37b98997 e-grid e-con-boxed e-con e-parent\" data-id=\"37b98997\" data-element_type=\"container\">\n\t\t\t\t\t<div class=\"e-con-inner\">\n\t\t\t\t<div class=\"elementor-element elementor-element-3f116cde elementor-widget elementor-widget-image\" data-id=\"3f116cde\" data-element_type=\"widget\" data-widget_type=\"image.default\">\n\t\t\t\t\t\t\t\t\t\t\t\t\t\t\t<img fetchpriority=\"high\" decoding=\"async\" width=\"370\" height=\"253\" src=\"https:\/\/selsa.com\/wp-content\/uploads\/2025\/08\/ar1-1.jpg\" class=\"attachment-large size-large wp-image-1398\" alt=\"\" srcset=\"https:\/\/selsa.com\/wp-content\/uploads\/2025\/08\/ar1-1.jpg 370w, https:\/\/selsa.com\/wp-content\/uploads\/2025\/08\/ar1-1-300x205.jpg 300w\" sizes=\"(max-width: 370px) 100vw, 370px\" \/>\t\t\t\t\t\t\t\t\t\t\t\t\t\t\t<\/div>\n\t\t\t\t<div class=\"elementor-element elementor-element-764fc54 elementor-widget elementor-widget-image\" data-id=\"764fc54\" data-element_type=\"widget\" data-widget_type=\"image.default\">\n\t\t\t\t\t\t\t\t\t\t\t\t\t\t\t<img decoding=\"async\" width=\"370\" height=\"253\" src=\"https:\/\/selsa.com\/wp-content\/uploads\/2025\/08\/ar2-1.jpg\" class=\"attachment-large size-large wp-image-1400\" alt=\"\" srcset=\"https:\/\/selsa.com\/wp-content\/uploads\/2025\/08\/ar2-1.jpg 370w, https:\/\/selsa.com\/wp-content\/uploads\/2025\/08\/ar2-1-300x205.jpg 300w\" sizes=\"(max-width: 370px) 100vw, 370px\" \/>\t\t\t\t\t\t\t\t\t\t\t\t\t\t\t<\/div>\n\t\t\t\t<div class=\"elementor-element elementor-element-74365453 elementor-widget elementor-widget-image\" data-id=\"74365453\" data-element_type=\"widget\" data-widget_type=\"image.default\">\n\t\t\t\t\t\t\t\t\t\t\t\t\t\t\t<img fetchpriority=\"high\" decoding=\"async\" width=\"370\" height=\"253\" src=\"https:\/\/selsa.com\/wp-content\/uploads\/2025\/08\/ar1-1.jpg\" class=\"attachment-large size-large wp-image-1398\" alt=\"\" srcset=\"https:\/\/selsa.com\/wp-content\/uploads\/2025\/08\/ar1-1.jpg 370w, https:\/\/selsa.com\/wp-content\/uploads\/2025\/08\/ar1-1-300x205.jpg 300w\" sizes=\"(max-width: 370px) 100vw, 370px\" \/>\t\t\t\t\t\t\t\t\t\t\t\t\t\t\t<\/div>\n\t\t\t\t\t<\/div>\n\t\t\t\t<\/div>\n\t\t\t\t<\/div>\n\t\t","protected":false},"excerpt":{"rendered":"<p>SONDERMASCHINENBAU Wir stellen Maschinen her, die f\u00fcr unsere eigenen Bed\u00fcrfnisse und die Bed\u00fcrfnisse unserer Kunden geeignet sind. SPEZIELLE FERTIGUNG JE NACH BEDARF Wir fertigen Sondermaschinen, die hervorragend an die Dynamik, die Bed\u00fcrfnisse, die Bedingungen und die Reflexe des Marktes angepasst sind und entwickeln diese mit Freude stets weiter. Wir fertigen Sondermaschinen, die hervorragend an die [&hellip;]<\/p>\n","protected":false},"author":1,"featured_media":0,"parent":0,"menu_order":0,"comment_status":"closed","ping_status":"closed","template":"","meta":{"footnotes":""},"class_list":["post-1824","page","type-page","status-publish","hentry"],"_links":{"self":[{"href":"https:\/\/selsa.com\/de\/wp-json\/wp\/v2\/pages\/1824","targetHints":{"allow":["GET"]}}],"collection":[{"href":"https:\/\/selsa.com\/de\/wp-json\/wp\/v2\/pages"}],"about":[{"href":"https:\/\/selsa.com\/de\/wp-json\/wp\/v2\/types\/page"}],"author":[{"embeddable":true,"href":"https:\/\/selsa.com\/de\/wp-json\/wp\/v2\/users\/1"}],"replies":[{"embeddable":true,"href":"https:\/\/selsa.com\/de\/wp-json\/wp\/v2\/comments?post=1824"}],"version-history":[{"count":6,"href":"https:\/\/selsa.com\/de\/wp-json\/wp\/v2\/pages\/1824\/revisions"}],"predecessor-version":[{"id":2881,"href":"https:\/\/selsa.com\/de\/wp-json\/wp\/v2\/pages\/1824\/revisions\/2881"}],"wp:attachment":[{"href":"https:\/\/selsa.com\/de\/wp-json\/wp\/v2\/media?parent=1824"}],"curies":[{"name":"wp","href":"https:\/\/api.w.org\/{rel}","templated":true}]}}