{"id":1851,"date":"2025-08-02T13:09:56","date_gmt":"2025-08-02T13:09:56","guid":{"rendered":"https:\/\/seyyarservis.com\/selsa\/unsere-informationssicherheit\/"},"modified":"2025-12-25T12:17:53","modified_gmt":"2025-12-25T12:17:53","slug":"unsere-informationssicherheit","status":"publish","type":"page","link":"https:\/\/selsa.com\/de\/unsere-informationssicherheit\/","title":{"rendered":"Datenschutz"},"content":{"rendered":"\t\t<div data-elementor-type=\"wp-page\" data-elementor-id=\"1851\" class=\"elementor elementor-1851 elementor-263\" data-elementor-post-type=\"page\">\n\t\t\t\t<div class=\"elementor-element elementor-element-60330f75 e-con-full sayfa-brd e-flex e-con e-parent\" data-id=\"60330f75\" data-element_type=\"container\" data-settings=\"{&quot;background_background&quot;:&quot;classic&quot;}\">\n\t\t<div class=\"elementor-element elementor-element-3088da e-con-full e-flex e-con e-child\" data-id=\"3088da\" data-element_type=\"container\">\n\t\t\t\t<div class=\"elementor-element elementor-element-5bc9a7a3 elementor-widget__width-initial elementor-widget-tablet__width-initial elementor-widget-mobile__width-initial elementor-widget elementor-widget-text-editor\" data-id=\"5bc9a7a3\" data-element_type=\"widget\" data-widget_type=\"text-editor.default\">\n\t\t\t\t\t\t\t\t\t<p>Unsere Informationssicherheit<\/p>\t\t\t\t\t\t\t\t<\/div>\n\t\t\t\t<div class=\"elementor-element elementor-element-65b2433d elementor-widget elementor-widget-text-editor\" data-id=\"65b2433d\" data-element_type=\"widget\" data-widget_type=\"text-editor.default\">\n\t\t\t\t\t\t\t\t\tUnser Ziel ist es die internationale Zertifizierung nach ISO 27001 Norm bis 2022 beizubehalten.\t\t\t\t\t\t\t\t<\/div>\n\t\t\t\t<\/div>\n\t\t\t\t<\/div>\n\t\t<div class=\"elementor-element elementor-element-ca7ee72 e-con-full e-flex e-con e-parent\" data-id=\"ca7ee72\" data-element_type=\"container\">\n\t\t\t\t<div class=\"elementor-element elementor-element-60e7be08 elementor-widget elementor-widget-text-editor\" data-id=\"60e7be08\" data-element_type=\"widget\" data-widget_type=\"text-editor.default\">\n\t\t\t\t\t\t\t\t\tDie Unternehmensinformationen sind der wichtigste Bestandteil eines Unternehmens, deshalb bekommen diese bei SELSA &#8222;maximale Aufmerksamkeit&#8220;. Alle Mitarbeiter von SELSA sind sich dessen bewusst, dass der Schutz von Unternehmensdaten \u00e4u\u00dferst wichtig f\u00fcr die Aufrechterhaltung unseres Unternehmens ist.\n\t\t\t\t\t\t\t\t<\/div>\n\t\t\t\t<div class=\"elementor-element elementor-element-70804e1a elementor-widget elementor-widget-text-editor\" data-id=\"70804e1a\" data-element_type=\"widget\" data-widget_type=\"text-editor.default\">\n\t\t\t\t\t\t\t\t\t<p>Die Risiken der Richtlinien wie z.B. &#8222;Verletzung der Geheimhaltung&#8220;, &#8222;Gesamtheitssch\u00e4den&#8220;, &#8222;missbr\u00e4uchliche Nutzung&#8220;, &#8222;Zugang&#8220;, &#8222;Verf\u00fcgbarkeit&#8220; sowie die Aufgabe diese Auswirkungen der Risiken zu minimieren haben eine gro\u00dfe Bedeutung f\u00fcr uns.<\/p>\t\t\t\t\t\t\t\t<\/div>\n\t\t\t\t<div class=\"elementor-element elementor-element-3ae2e6c elementor-widget elementor-widget-text-editor\" data-id=\"3ae2e6c\" data-element_type=\"widget\" data-widget_type=\"text-editor.default\">\n\t\t\t\t\t\t\t\t\t<ul><li>Feststellung der Risiken f\u00fcr Firmengeheimnisse und ein systematisches Risikomanagement,<\/li><li>Erf\u00fcllung der Anforderungen der Standards f\u00fcr Informations- und Datensicherheit,<\/li><li>Einhaltung der Rechtsvorschriften \u00fcber die Informations- und Datensicherheit.<\/li><li>Bewertung der M\u00f6glichkeiten zur Verbesserung der aktiven Umsetzung der Informationssicherheitspolitik bei SELSA,<\/li><li>St\u00e4ndige Durchf\u00fchrung von Schulungen, um die Kompetenzen in Technik und Verhalten zu verbessern und somit das Bewusstsein f\u00fcr Informations- und Datensicherheit zu erh\u00f6hen.<\/li><\/ul>\t\t\t\t\t\t\t\t<\/div>\n\t\t\t\t<\/div>\n\t\t<div class=\"elementor-element elementor-element-764740ed e-grid e-con-boxed e-con e-parent\" data-id=\"764740ed\" data-element_type=\"container\">\n\t\t\t\t\t<div class=\"e-con-inner\">\n\t\t\t\t<div class=\"elementor-element elementor-element-797d7bef elementor-widget elementor-widget-image\" data-id=\"797d7bef\" data-element_type=\"widget\" data-widget_type=\"image.default\">\n\t\t\t\t\t\t\t\t\t\t\t\t\t\t\t<img fetchpriority=\"high\" decoding=\"async\" width=\"370\" height=\"253\" src=\"https:\/\/selsa.com\/wp-content\/uploads\/2025\/08\/isg1-1.jpg\" class=\"attachment-large size-large wp-image-1464\" alt=\"\" srcset=\"https:\/\/selsa.com\/wp-content\/uploads\/2025\/08\/isg1-1.jpg 370w, https:\/\/selsa.com\/wp-content\/uploads\/2025\/08\/isg1-1-300x205.jpg 300w\" sizes=\"(max-width: 370px) 100vw, 370px\" \/>\t\t\t\t\t\t\t\t\t\t\t\t\t\t\t<\/div>\n\t\t\t\t<div class=\"elementor-element elementor-element-3c2a6f1b elementor-widget elementor-widget-image\" data-id=\"3c2a6f1b\" data-element_type=\"widget\" data-widget_type=\"image.default\">\n\t\t\t\t\t\t\t\t\t\t\t\t\t\t\t<img decoding=\"async\" width=\"370\" height=\"253\" src=\"https:\/\/selsa.com\/wp-content\/uploads\/2025\/08\/isg2-1.jpg\" class=\"attachment-large size-large wp-image-1466\" alt=\"\" srcset=\"https:\/\/selsa.com\/wp-content\/uploads\/2025\/08\/isg2-1.jpg 370w, https:\/\/selsa.com\/wp-content\/uploads\/2025\/08\/isg2-1-300x205.jpg 300w\" sizes=\"(max-width: 370px) 100vw, 370px\" \/>\t\t\t\t\t\t\t\t\t\t\t\t\t\t\t<\/div>\n\t\t\t\t<div class=\"elementor-element elementor-element-31be57cd elementor-widget elementor-widget-image\" data-id=\"31be57cd\" data-element_type=\"widget\" data-widget_type=\"image.default\">\n\t\t\t\t\t\t\t\t\t\t\t\t\t\t\t<img decoding=\"async\" width=\"370\" height=\"253\" src=\"https:\/\/selsa.com\/wp-content\/uploads\/2025\/08\/isg3-1.jpg\" class=\"attachment-large size-large wp-image-1468\" alt=\"\" srcset=\"https:\/\/selsa.com\/wp-content\/uploads\/2025\/08\/isg3-1.jpg 370w, https:\/\/selsa.com\/wp-content\/uploads\/2025\/08\/isg3-1-300x205.jpg 300w\" sizes=\"(max-width: 370px) 100vw, 370px\" \/>\t\t\t\t\t\t\t\t\t\t\t\t\t\t\t<\/div>\n\t\t\t\t\t<\/div>\n\t\t\t\t<\/div>\n\t\t<div class=\"elementor-element elementor-element-519b4517 e-con-full e-flex e-con e-parent\" data-id=\"519b4517\" data-element_type=\"container\">\n\t\t\t\t<div class=\"elementor-element elementor-element-1e4d43e9 elementor-widget elementor-widget-heading\" data-id=\"1e4d43e9\" data-element_type=\"widget\" data-widget_type=\"heading.default\">\n\t\t\t\t\t<h2 class=\"elementor-heading-title elementor-size-default\">DIE VERANTWORTUNG UNSERER MITARBEITER GEGEN\u00dcBER FIRMENGEHEIMNISSEN<\/h2>\t\t\t\t<\/div>\n\t\t\t\t<div class=\"elementor-element elementor-element-578c12cf elementor-widget__width-initial elementor-widget elementor-widget-text-editor\" data-id=\"578c12cf\" data-element_type=\"widget\" data-widget_type=\"text-editor.default\">\n\t\t\t\t\t\t\t\t\t<p>Sinn und Zweck der Umsetzung unserer Datenpolitik ist sicherzustellen, dass die Informationen \u00fcber die Firma SELSA vertraulich bleiben, ihre Vollst\u00e4ndigkeit gesch\u00fctzt, ihr einwandfrei verwendbarer Inhalt unter allen Bedingungen gewahrt und sichergestellt wird und somit die Daten und Systeme jederzeit einsatzbereit sind.<\/p><p>Die SELSA-Mitarbeiter, externe Leiharbeitnehmer, Praktikanten und unsere Zulieferer sind alle f\u00fcr den Schutz der Daten von SELSA verantwortlich, unabh\u00e4ngig ihrer Position oder ihrer Aufgaben. Falls Personen, die den oben genannten Klassifikationen nicht entsprechen, aus Gr\u00fcnden der Dienstleistung Zugang zu Daten von SELSA ben\u00f6tigen, m\u00fcssen diese und das zust\u00e4ndige Personal mit ihrer Unterschrift best\u00e4tigen, dass sie sich an die allgemeinen Grunds\u00e4tze des Datenschutzes und die sich daraus ergebenen Verpflichtungen halten werden. Unsere Mitarbeiter sind au\u00dferdem verpflichtet, sich an die Anforderungen zum Schutz vertraulicher Informationen und der Regeln der &#8222;SELSA Gesch\u00e4ftsethik&#8220; zu halten.<\/p><p>Jeder Mitarbeiter der Firma SELSA ist in erster Linie daf\u00fcr verantwortlich, den Ruf, die Vertrauensw\u00fcrdigkeit und die Daten von SELSA zu sch\u00fctzen, um die Gesch\u00e4ftsaktivit\u00e4ten m\u00f6glichst fliesend ausf\u00fchren zu k\u00f6nnen.<\/p>\t\t\t\t\t\t\t\t<\/div>\n\t\t\t\t<\/div>\n\t\t<div class=\"elementor-element elementor-element-213b4aec e-con-full e-flex e-con e-parent\" data-id=\"213b4aec\" data-element_type=\"container\">\n\t\t\t\t<div class=\"elementor-element elementor-element-4e6ae31d elementor-widget elementor-widget-heading\" data-id=\"4e6ae31d\" data-element_type=\"widget\" data-widget_type=\"heading.default\">\n\t\t\t\t\t<h2 class=\"elementor-heading-title elementor-size-default\">UNSERE ZIELE BEI DER DATENSICHERHEIT\n<\/h2>\t\t\t\t<\/div>\n\t\t\t\t<div class=\"elementor-element elementor-element-14605a0c elementor-widget__width-initial elementor-widget elementor-widget-text-editor\" data-id=\"14605a0c\" data-element_type=\"widget\" data-widget_type=\"text-editor.default\">\n\t\t\t\t\t\t\t\t\t<ul><li>Die Gew\u00e4hrleistung der Kontinuit\u00e4t der Datensysteme im vollen Umfang,<\/li><li>Das Bewusstsein unserer Mitarbeiter bez\u00fcglich der Einhaltung der Sicherheitsanforderungen stets zu f\u00f6rdern,<\/li><li>Die Sicherstellung der vollst\u00e4ndigen Einhaltung von Vertr\u00e4gen mit dritten Personen,<\/li><li>Die Minimierung der Missachtung der Datensicherheit und Ziehung der Konsequenzen bei Vorkommnissen.<\/li><li>Organisation der Handhabung und Aufbewahrung der Daten entsprechend der gesetzlichen Vorgaben,<\/li><li>Ausf\u00fchrung der aktuellsten und effektivsten Sicherheitskontrollen.<\/li><\/ul>\t\t\t\t\t\t\t\t<\/div>\n\t\t\t\t<\/div>\n\t\t\t\t<\/div>\n\t\t","protected":false},"excerpt":{"rendered":"<p>Unsere Informationssicherheit Unser Ziel ist es die internationale Zertifizierung nach ISO 27001 Norm bis 2022 beizubehalten.Die Unternehmensinformationen sind der wichtigste Bestandteil eines Unternehmens, deshalb bekommen diese bei SELSA &#8222;maximale Aufmerksamkeit&#8220;. Alle Mitarbeiter von SELSA sind sich dessen bewusst, dass der Schutz von Unternehmensdaten \u00e4u\u00dferst wichtig f\u00fcr die Aufrechterhaltung unseres Unternehmens ist. Die Risiken der Richtlinien [&hellip;]<\/p>\n","protected":false},"author":1,"featured_media":0,"parent":0,"menu_order":0,"comment_status":"closed","ping_status":"closed","template":"","meta":{"footnotes":""},"class_list":["post-1851","page","type-page","status-publish","hentry"],"_links":{"self":[{"href":"https:\/\/selsa.com\/de\/wp-json\/wp\/v2\/pages\/1851","targetHints":{"allow":["GET"]}}],"collection":[{"href":"https:\/\/selsa.com\/de\/wp-json\/wp\/v2\/pages"}],"about":[{"href":"https:\/\/selsa.com\/de\/wp-json\/wp\/v2\/types\/page"}],"author":[{"embeddable":true,"href":"https:\/\/selsa.com\/de\/wp-json\/wp\/v2\/users\/1"}],"replies":[{"embeddable":true,"href":"https:\/\/selsa.com\/de\/wp-json\/wp\/v2\/comments?post=1851"}],"version-history":[{"count":8,"href":"https:\/\/selsa.com\/de\/wp-json\/wp\/v2\/pages\/1851\/revisions"}],"predecessor-version":[{"id":2387,"href":"https:\/\/selsa.com\/de\/wp-json\/wp\/v2\/pages\/1851\/revisions\/2387"}],"wp:attachment":[{"href":"https:\/\/selsa.com\/de\/wp-json\/wp\/v2\/media?parent=1851"}],"curies":[{"name":"wp","href":"https:\/\/api.w.org\/{rel}","templated":true}]}}