{"id":1855,"date":"2025-08-02T13:30:42","date_gmt":"2025-08-02T13:30:42","guid":{"rendered":"https:\/\/seyyarservis.com\/selsa\/industrie-4\/"},"modified":"2025-12-25T12:17:53","modified_gmt":"2025-12-25T12:17:53","slug":"industrie-4","status":"publish","type":"page","link":"https:\/\/selsa.com\/de\/industrie-4\/","title":{"rendered":"INDUSTRIE 4"},"content":{"rendered":"\t\t<div data-elementor-type=\"wp-page\" data-elementor-id=\"1855\" class=\"elementor elementor-1855 elementor-401\" data-elementor-post-type=\"page\">\n\t\t\t\t<div class=\"elementor-element elementor-element-3144d39d e-con-full sayfa-brd e-flex e-con e-parent\" data-id=\"3144d39d\" data-element_type=\"container\" data-settings=\"{&quot;background_background&quot;:&quot;classic&quot;}\">\n\t\t<div class=\"elementor-element elementor-element-7490d2c0 e-con-full e-flex e-con e-child\" data-id=\"7490d2c0\" data-element_type=\"container\">\n\t\t\t\t<div class=\"elementor-element elementor-element-2349a9d5 elementor-widget__width-initial elementor-widget-tablet__width-initial elementor-widget-mobile__width-initial elementor-widget elementor-widget-text-editor\" data-id=\"2349a9d5\" data-element_type=\"widget\" data-widget_type=\"text-editor.default\">\n\t\t\t\t\t\t\t\t\t<p>DIGITALISIERUNG UNSERER PRODUKTION: INDUSTRIE 4.0<\/p>\t\t\t\t\t\t\t\t<\/div>\n\t\t\t\t<\/div>\n\t\t\t\t<\/div>\n\t\t<div class=\"elementor-element elementor-element-5a0f7052 e-con-full e-flex e-con e-parent\" data-id=\"5a0f7052\" data-element_type=\"container\">\n\t\t\t\t<div class=\"elementor-element elementor-element-1a8533a1 elementor-widget elementor-widget-text-editor\" data-id=\"1a8533a1\" data-element_type=\"widget\" data-widget_type=\"text-editor.default\">\n\t\t\t\t\t\t\t\t\t<p>Wir lieben den Gedanken, dass Maschinen sich selbstst\u00e4ndig \u00fcberpr\u00fcfen und mit anderen Maschinen kommunizieren. In diesem Sinne konzipieren wir unsere Sondermaschinen ausschlie\u00dflich so, dass sie kommunikationsf\u00e4hig mit anderen Maschinen sind und von ihren Bedienern auch aus der Ferne gesteuert werden k\u00f6nnen. <\/p>\t\t\t\t\t\t\t\t<\/div>\n\t\t\t\t<div class=\"elementor-element elementor-element-685b85ad elementor-widget__width-initial elementor-widget elementor-widget-text-editor\" data-id=\"685b85ad\" data-element_type=\"widget\" data-widget_type=\"text-editor.default\">\n\t\t\t\t\t\t\t\t\t<div class=\"col-md-12\">\n<div class=\"col-md-12\">\n<p>Unser spannendstes Ziel ist es, in der nahen Zukunft zum Modell der &#8222;komplett vernetzten und digitalisierten Fertigung&#8220; \u00fcberzugehen. Dank unserer Investitionen in Industrie 4.0 bringen wir unsere Produktentwicklungskompetenzen auf ein neues Niveau, erh\u00f6hen unsere Effizienz und Einsparungen. Doch ein noch wichtigeres Ziel ist es f\u00fcr uns, dass wir Maschinen konstruieren, die durch Digitalisierung in der Lage sind, die Wartungsbed\u00fcrfnisse vorauszusagen und somit w\u00e4hrend ihrer gesamten Lebensdauer fehlerfrei arbeiten.<br> <br> <\/p>\n<\/div>\n<\/div>\t\t\t\t\t\t\t\t<\/div>\n\t\t\t\t<\/div>\n\t\t<div class=\"elementor-element elementor-element-693e2fa8 e-grid e-con-boxed e-con e-parent\" data-id=\"693e2fa8\" data-element_type=\"container\">\n\t\t\t\t\t<div class=\"e-con-inner\">\n\t\t\t\t<div class=\"elementor-element elementor-element-4188071b elementor-widget elementor-widget-image\" data-id=\"4188071b\" data-element_type=\"widget\" data-widget_type=\"image.default\">\n\t\t\t\t\t\t\t\t\t\t\t\t\t\t\t<img fetchpriority=\"high\" decoding=\"async\" width=\"370\" height=\"253\" src=\"https:\/\/selsa.com\/wp-content\/uploads\/2025\/08\/end1-1.jpg\" class=\"attachment-large size-large wp-image-1479\" alt=\"\" srcset=\"https:\/\/selsa.com\/wp-content\/uploads\/2025\/08\/end1-1.jpg 370w, https:\/\/selsa.com\/wp-content\/uploads\/2025\/08\/end1-1-300x205.jpg 300w\" sizes=\"(max-width: 370px) 100vw, 370px\" \/>\t\t\t\t\t\t\t\t\t\t\t\t\t\t\t<\/div>\n\t\t\t\t<div class=\"elementor-element elementor-element-39c366b4 elementor-widget elementor-widget-image\" data-id=\"39c366b4\" data-element_type=\"widget\" data-widget_type=\"image.default\">\n\t\t\t\t\t\t\t\t\t\t\t\t\t\t\t<img decoding=\"async\" width=\"370\" height=\"253\" src=\"https:\/\/selsa.com\/wp-content\/uploads\/2025\/08\/end2-1.jpg\" class=\"attachment-large size-large wp-image-1481\" alt=\"\" srcset=\"https:\/\/selsa.com\/wp-content\/uploads\/2025\/08\/end2-1.jpg 370w, https:\/\/selsa.com\/wp-content\/uploads\/2025\/08\/end2-1-300x205.jpg 300w\" sizes=\"(max-width: 370px) 100vw, 370px\" \/>\t\t\t\t\t\t\t\t\t\t\t\t\t\t\t<\/div>\n\t\t\t\t<div class=\"elementor-element elementor-element-3a8c1393 elementor-widget elementor-widget-image\" data-id=\"3a8c1393\" data-element_type=\"widget\" data-widget_type=\"image.default\">\n\t\t\t\t\t\t\t\t\t\t\t\t\t\t\t<img decoding=\"async\" width=\"370\" height=\"253\" src=\"https:\/\/selsa.com\/wp-content\/uploads\/2025\/08\/end3-1.jpg\" class=\"attachment-large size-large wp-image-1483\" alt=\"\" srcset=\"https:\/\/selsa.com\/wp-content\/uploads\/2025\/08\/end3-1.jpg 370w, https:\/\/selsa.com\/wp-content\/uploads\/2025\/08\/end3-1-300x205.jpg 300w\" sizes=\"(max-width: 370px) 100vw, 370px\" \/>\t\t\t\t\t\t\t\t\t\t\t\t\t\t\t<\/div>\n\t\t\t\t\t<\/div>\n\t\t\t\t<\/div>\n\t\t\t\t<\/div>\n\t\t","protected":false},"excerpt":{"rendered":"<p>DIGITALISIERUNG UNSERER PRODUKTION: INDUSTRIE 4.0 Wir lieben den Gedanken, dass Maschinen sich selbstst\u00e4ndig \u00fcberpr\u00fcfen und mit anderen Maschinen kommunizieren. In diesem Sinne konzipieren wir unsere Sondermaschinen ausschlie\u00dflich so, dass sie kommunikationsf\u00e4hig mit anderen Maschinen sind und von ihren Bedienern auch aus der Ferne gesteuert werden k\u00f6nnen. Unser spannendstes Ziel ist es, in der nahen Zukunft [&hellip;]<\/p>\n","protected":false},"author":1,"featured_media":0,"parent":0,"menu_order":0,"comment_status":"closed","ping_status":"closed","template":"","meta":{"footnotes":""},"class_list":["post-1855","page","type-page","status-publish","hentry"],"_links":{"self":[{"href":"https:\/\/selsa.com\/de\/wp-json\/wp\/v2\/pages\/1855","targetHints":{"allow":["GET"]}}],"collection":[{"href":"https:\/\/selsa.com\/de\/wp-json\/wp\/v2\/pages"}],"about":[{"href":"https:\/\/selsa.com\/de\/wp-json\/wp\/v2\/types\/page"}],"author":[{"embeddable":true,"href":"https:\/\/selsa.com\/de\/wp-json\/wp\/v2\/users\/1"}],"replies":[{"embeddable":true,"href":"https:\/\/selsa.com\/de\/wp-json\/wp\/v2\/comments?post=1855"}],"version-history":[{"count":2,"href":"https:\/\/selsa.com\/de\/wp-json\/wp\/v2\/pages\/1855\/revisions"}],"predecessor-version":[{"id":2395,"href":"https:\/\/selsa.com\/de\/wp-json\/wp\/v2\/pages\/1855\/revisions\/2395"}],"wp:attachment":[{"href":"https:\/\/selsa.com\/de\/wp-json\/wp\/v2\/media?parent=1855"}],"curies":[{"name":"wp","href":"https:\/\/api.w.org\/{rel}","templated":true}]}}