{"id":1863,"date":"2025-08-02T11:10:35","date_gmt":"2025-08-02T11:10:35","guid":{"rendered":"https:\/\/seyyarservis.com\/selsa\/gleichheitsmanagement\/"},"modified":"2025-12-25T12:17:53","modified_gmt":"2025-12-25T12:17:53","slug":"gleichheitsmanagement","status":"publish","type":"page","link":"https:\/\/selsa.com\/de\/gleichheitsmanagement\/","title":{"rendered":"GLEICHHEITSMANAGEMENT"},"content":{"rendered":"\t\t<div data-elementor-type=\"wp-page\" data-elementor-id=\"1863\" class=\"elementor elementor-1863 elementor-215\" data-elementor-post-type=\"page\">\n\t\t\t\t<div class=\"elementor-element elementor-element-5d0621d1 e-con-full sayfa-brd e-flex e-con e-parent\" data-id=\"5d0621d1\" data-element_type=\"container\" data-settings=\"{&quot;background_background&quot;:&quot;classic&quot;}\">\n\t\t<div class=\"elementor-element elementor-element-7840c431 e-con-full e-flex e-con e-child\" data-id=\"7840c431\" data-element_type=\"container\">\n\t\t\t\t<div class=\"elementor-element elementor-element-15a4b2a5 elementor-widget__width-initial elementor-widget-tablet__width-initial elementor-widget-mobile__width-initial elementor-widget elementor-widget-text-editor\" data-id=\"15a4b2a5\" data-element_type=\"widget\" data-widget_type=\"text-editor.default\">\n\t\t\t\t\t\t\t\t\t<p>WIR GLAUBEN DARAN, DASS VIELFALT REICHTUM BEDEUTET<\/p>\t\t\t\t\t\t\t\t<\/div>\n\t\t\t\t<\/div>\n\t\t\t\t<\/div>\n\t\t<div class=\"elementor-element elementor-element-18068f3f e-con-full e-flex e-con e-parent\" data-id=\"18068f3f\" data-element_type=\"container\">\n\t\t\t\t<div class=\"elementor-element elementor-element-48422f5d elementor-widget elementor-widget-text-editor\" data-id=\"48422f5d\" data-element_type=\"widget\" data-widget_type=\"text-editor.default\">\n\t\t\t\t\t\t\t\t\t<p>Wir wissen genau, was Gleichheit im Leben zerst\u00f6rt: Anstrengung, Leidenschaft, Glaube an Tr\u00e4ume, Mut \u2026<br>Wir wissen auch, was Gleichheit im Leben bewahrt: Respekt, Liebe, Gewissen, Bewunderung f\u00fcr einzigartige Eigenschaften \u2026<br>Wir lieben Gleichheit und glauben an ihre Vielfalt.<\/p>\t\t\t\t\t\t\t\t<\/div>\n\t\t\t\t<div class=\"elementor-element elementor-element-7cd00f16 elementor-widget elementor-widget-heading\" data-id=\"7cd00f16\" data-element_type=\"widget\" data-widget_type=\"heading.default\">\n\t\t\t\t\t<h2 class=\"elementor-heading-title elementor-size-default\">GLEICHHEITSMANAGEMENT\n<\/h2>\t\t\t\t<\/div>\n\t\t\t\t<div class=\"elementor-element elementor-element-1bb9edc7 elementor-widget__width-initial elementor-widget elementor-widget-text-editor\" data-id=\"1bb9edc7\" data-element_type=\"widget\" data-widget_type=\"text-editor.default\">\n\t\t\t\t\t\t\t\t\t<div class=\"col-md-12\"><p>Wir m\u00f6chten Sie dar\u00fcber informieren dass f\u00fcr unser Unternehmen Religion, Sprache, Rasse, Meinung, ethnische Zugeh\u00f6rigkeit, Geschlecht, Behinderung, Alter etc. unserer Mitarbeiter, Kunden, Lieferanten und allen anderen Mitbeteiligten absolut keine Rolle spielt. Mit der Wertsch\u00e4tzung der Vielfalt des Lebens wird unser Unternehmen gest\u00e4rkt und die Welt wird lebenswerter.  <\/p><\/div><div class=\"galeri row\"> <\/div>\t\t\t\t\t\t\t\t<\/div>\n\t\t\t\t<\/div>\n\t\t<div class=\"elementor-element elementor-element-28853fb7 e-grid e-con-boxed e-con e-parent\" data-id=\"28853fb7\" data-element_type=\"container\">\n\t\t\t\t\t<div class=\"e-con-inner\">\n\t\t\t\t<div class=\"elementor-element elementor-element-3cf2fe6a elementor-widget elementor-widget-image\" data-id=\"3cf2fe6a\" data-element_type=\"widget\" data-widget_type=\"image.default\">\n\t\t\t\t\t\t\t\t\t\t\t\t\t\t\t<img fetchpriority=\"high\" decoding=\"async\" width=\"370\" height=\"253\" src=\"https:\/\/selsa.com\/wp-content\/uploads\/2025\/08\/ey1-1.jpg\" class=\"attachment-large size-large wp-image-1494\" alt=\"\" srcset=\"https:\/\/selsa.com\/wp-content\/uploads\/2025\/08\/ey1-1.jpg 370w, https:\/\/selsa.com\/wp-content\/uploads\/2025\/08\/ey1-1-300x205.jpg 300w\" sizes=\"(max-width: 370px) 100vw, 370px\" \/>\t\t\t\t\t\t\t\t\t\t\t\t\t\t\t<\/div>\n\t\t\t\t<div class=\"elementor-element elementor-element-6bd402d8 elementor-widget elementor-widget-image\" data-id=\"6bd402d8\" data-element_type=\"widget\" data-widget_type=\"image.default\">\n\t\t\t\t\t\t\t\t\t\t\t\t\t\t\t<img decoding=\"async\" width=\"370\" height=\"253\" src=\"https:\/\/selsa.com\/wp-content\/uploads\/2025\/08\/ey2-1.jpg\" class=\"attachment-large size-large wp-image-1496\" alt=\"\" srcset=\"https:\/\/selsa.com\/wp-content\/uploads\/2025\/08\/ey2-1.jpg 370w, https:\/\/selsa.com\/wp-content\/uploads\/2025\/08\/ey2-1-300x205.jpg 300w\" sizes=\"(max-width: 370px) 100vw, 370px\" \/>\t\t\t\t\t\t\t\t\t\t\t\t\t\t\t<\/div>\n\t\t\t\t<div class=\"elementor-element elementor-element-6dcce5c elementor-widget elementor-widget-image\" data-id=\"6dcce5c\" data-element_type=\"widget\" data-widget_type=\"image.default\">\n\t\t\t\t\t\t\t\t\t\t\t\t\t\t\t<img decoding=\"async\" width=\"370\" height=\"253\" src=\"https:\/\/selsa.com\/wp-content\/uploads\/2025\/08\/ey3-1.jpg\" class=\"attachment-large size-large wp-image-1498\" alt=\"\" srcset=\"https:\/\/selsa.com\/wp-content\/uploads\/2025\/08\/ey3-1.jpg 370w, https:\/\/selsa.com\/wp-content\/uploads\/2025\/08\/ey3-1-300x205.jpg 300w\" sizes=\"(max-width: 370px) 100vw, 370px\" \/>\t\t\t\t\t\t\t\t\t\t\t\t\t\t\t<\/div>\n\t\t\t\t\t<\/div>\n\t\t\t\t<\/div>\n\t\t\t\t<\/div>\n\t\t","protected":false},"excerpt":{"rendered":"<p>WIR GLAUBEN DARAN, DASS VIELFALT REICHTUM BEDEUTET Wir wissen genau, was Gleichheit im Leben zerst\u00f6rt: Anstrengung, Leidenschaft, Glaube an Tr\u00e4ume, Mut \u2026Wir wissen auch, was Gleichheit im Leben bewahrt: Respekt, Liebe, Gewissen, Bewunderung f\u00fcr einzigartige Eigenschaften \u2026Wir lieben Gleichheit und glauben an ihre Vielfalt. GLEICHHEITSMANAGEMENT Wir m\u00f6chten Sie dar\u00fcber informieren dass f\u00fcr unser Unternehmen Religion, [&hellip;]<\/p>\n","protected":false},"author":1,"featured_media":0,"parent":0,"menu_order":0,"comment_status":"closed","ping_status":"closed","template":"","meta":{"footnotes":""},"class_list":["post-1863","page","type-page","status-publish","hentry"],"_links":{"self":[{"href":"https:\/\/selsa.com\/de\/wp-json\/wp\/v2\/pages\/1863","targetHints":{"allow":["GET"]}}],"collection":[{"href":"https:\/\/selsa.com\/de\/wp-json\/wp\/v2\/pages"}],"about":[{"href":"https:\/\/selsa.com\/de\/wp-json\/wp\/v2\/types\/page"}],"author":[{"embeddable":true,"href":"https:\/\/selsa.com\/de\/wp-json\/wp\/v2\/users\/1"}],"replies":[{"embeddable":true,"href":"https:\/\/selsa.com\/de\/wp-json\/wp\/v2\/comments?post=1863"}],"version-history":[{"count":2,"href":"https:\/\/selsa.com\/de\/wp-json\/wp\/v2\/pages\/1863\/revisions"}],"predecessor-version":[{"id":2397,"href":"https:\/\/selsa.com\/de\/wp-json\/wp\/v2\/pages\/1863\/revisions\/2397"}],"wp:attachment":[{"href":"https:\/\/selsa.com\/de\/wp-json\/wp\/v2\/media?parent=1863"}],"curies":[{"name":"wp","href":"https:\/\/api.w.org\/{rel}","templated":true}]}}