{"id":1887,"date":"2025-08-02T14:47:29","date_gmt":"2025-08-02T14:47:29","guid":{"rendered":"https:\/\/seyyarservis.com\/selsa\/unsere-hr-kultur\/"},"modified":"2025-12-25T12:17:54","modified_gmt":"2025-12-25T12:17:54","slug":"unsere-hr-kultur","status":"publish","type":"page","link":"https:\/\/selsa.com\/de\/unsere-hr-kultur\/","title":{"rendered":"UNSERE HR-KULTUR"},"content":{"rendered":"\t\t<div data-elementor-type=\"wp-page\" data-elementor-id=\"1887\" class=\"elementor elementor-1887 elementor-534\" data-elementor-post-type=\"page\">\n\t\t\t\t<div class=\"elementor-element elementor-element-5d8177b e-con-full sayfa-brd e-flex e-con e-parent\" data-id=\"5d8177b\" data-element_type=\"container\" data-settings=\"{&quot;background_background&quot;:&quot;classic&quot;}\">\n\t\t<div class=\"elementor-element elementor-element-b8dc1e8 e-con-full e-flex e-con e-child\" data-id=\"b8dc1e8\" data-element_type=\"container\">\n\t\t\t\t<div class=\"elementor-element elementor-element-7c4cde8 elementor-widget__width-initial elementor-widget-tablet__width-initial elementor-widget-mobile__width-initial elementor-widget elementor-widget-text-editor\" data-id=\"7c4cde8\" data-element_type=\"widget\" data-widget_type=\"text-editor.default\">\n\t\t\t\t\t\t\t\t\t<p>WIR LEGEN WERT AUF DAS WOHL UNSERER MITARBEITER<\/p>\t\t\t\t\t\t\t\t<\/div>\n\t\t\t\t<div class=\"elementor-element elementor-element-d1db92d elementor-widget elementor-widget-text-editor\" data-id=\"d1db92d\" data-element_type=\"widget\" data-widget_type=\"text-editor.default\">\n\t\t\t\t\t\t\t\t\tGanz egal in welcher Position und wie lange in dieser Position; wir m\u00f6chten, dass unsere Mitarbeiter bei SELSA gro\u00dfartige Erfahrungen sammeln.\t\t\t\t\t\t\t\t<\/div>\n\t\t\t\t<\/div>\n\t\t\t\t<\/div>\n\t\t<div class=\"elementor-element elementor-element-40e8a1c e-con-full e-flex e-con e-parent\" data-id=\"40e8a1c\" data-element_type=\"container\">\n\t\t\t\t<div class=\"elementor-element elementor-element-489f482 elementor-widget elementor-widget-heading\" data-id=\"489f482\" data-element_type=\"widget\" data-widget_type=\"heading.default\">\n\t\t\t\t\t<h2 class=\"elementor-heading-title elementor-size-default\">UNSERE HR-KULTUR\n<\/h2>\t\t\t\t<\/div>\n\t\t\t\t<div class=\"elementor-element elementor-element-af0f4f4 elementor-widget__width-initial elementor-widget elementor-widget-text-editor\" data-id=\"af0f4f4\" data-element_type=\"widget\" data-widget_type=\"text-editor.default\">\n\t\t\t\t\t\t\t\t\t<div class=\"col-md-12\"><ul><li>Die Gew\u00e4hrleistung der Chancengleichheit in allen Arbeitsgebieten f\u00fcr jeden einzelnen unserer Mitarbeiter.<\/li><li>Das Aussch\u00f6pfen der akademischen Bildung, der Erfahrungen und F\u00e4higkeiten unserer Mitarbeiter.<\/li><li>Das Anbieten von Weiterbildungsm\u00f6glichkeiten f\u00fcr unsere Mitarbeiter im technologischen und digitalen Bereich parallel zu den Fortschritten auf dem Markt.<\/li><li>Anreize f\u00fcr junge Talente schaffen und sie in die Prozesse bei SELSA einbeziehen.<\/li><li>Der Schutz des Gedankengutes unserer Mitarbeiter.<\/li><li>Eine moderne, zeitgem\u00e4\u00dfe Verwaltung.<\/li><li>Die Schaffung eines gesunden, sicheren und motivierenden Arbeitsumfeldes.<\/li><li>Ein Arbeitsumfeld aufbauen, das den Mitarbeitern Entfaltungsm\u00f6glichkeiten bietet.<\/li><li>Erfahrung und Engagement werden wertgesch\u00e4tzt.<\/li><li>Das Heranziehen innovationsbegeisterter SELSA-Generationen.<\/li><li>Professionelle Einarbeitung unserer Praktikanten damit Sie bestens auf das Arbeitsleben vorbereitet sind.<\/li><\/ul><div><h2> <\/h2><\/div><\/div><div class=\"galeri row\"> <\/div>\t\t\t\t\t\t\t\t<\/div>\n\t\t\t\t<\/div>\n\t\t<div class=\"elementor-element elementor-element-659bcc6 e-grid e-con-boxed e-con e-parent\" data-id=\"659bcc6\" data-element_type=\"container\">\n\t\t\t\t\t<div class=\"e-con-inner\">\n\t\t\t\t<div class=\"elementor-element elementor-element-da22380 elementor-widget elementor-widget-image\" data-id=\"da22380\" data-element_type=\"widget\" data-widget_type=\"image.default\">\n\t\t\t\t\t\t\t\t\t\t\t\t\t\t\t<img fetchpriority=\"high\" decoding=\"async\" width=\"370\" height=\"253\" src=\"https:\/\/selsa.com\/wp-content\/uploads\/2025\/08\/ik1.jpg\" class=\"attachment-large size-large wp-image-1889\" alt=\"\" srcset=\"https:\/\/selsa.com\/wp-content\/uploads\/2025\/08\/ik1.jpg 370w, https:\/\/selsa.com\/wp-content\/uploads\/2025\/08\/ik1-300x205.jpg 300w\" sizes=\"(max-width: 370px) 100vw, 370px\" \/>\t\t\t\t\t\t\t\t\t\t\t\t\t\t\t<\/div>\n\t\t\t\t<div class=\"elementor-element elementor-element-9d49130 elementor-widget elementor-widget-image\" data-id=\"9d49130\" data-element_type=\"widget\" data-widget_type=\"image.default\">\n\t\t\t\t\t\t\t\t\t\t\t\t\t\t\t<img decoding=\"async\" width=\"370\" height=\"253\" src=\"https:\/\/selsa.com\/wp-content\/uploads\/2025\/08\/ik2.jpg\" class=\"attachment-large size-large wp-image-1890\" alt=\"\" srcset=\"https:\/\/selsa.com\/wp-content\/uploads\/2025\/08\/ik2.jpg 370w, https:\/\/selsa.com\/wp-content\/uploads\/2025\/08\/ik2-300x205.jpg 300w\" sizes=\"(max-width: 370px) 100vw, 370px\" \/>\t\t\t\t\t\t\t\t\t\t\t\t\t\t\t<\/div>\n\t\t\t\t<div class=\"elementor-element elementor-element-d328860 elementor-widget elementor-widget-image\" data-id=\"d328860\" data-element_type=\"widget\" data-widget_type=\"image.default\">\n\t\t\t\t\t\t\t\t\t\t\t\t\t\t\t<img decoding=\"async\" width=\"370\" height=\"253\" src=\"https:\/\/selsa.com\/wp-content\/uploads\/2025\/08\/ik3.jpg\" class=\"attachment-large size-large wp-image-1891\" alt=\"\" srcset=\"https:\/\/selsa.com\/wp-content\/uploads\/2025\/08\/ik3.jpg 370w, https:\/\/selsa.com\/wp-content\/uploads\/2025\/08\/ik3-300x205.jpg 300w\" sizes=\"(max-width: 370px) 100vw, 370px\" \/>\t\t\t\t\t\t\t\t\t\t\t\t\t\t\t<\/div>\n\t\t\t\t<div class=\"elementor-element elementor-element-8986b62 elementor-widget elementor-widget-image\" data-id=\"8986b62\" data-element_type=\"widget\" data-widget_type=\"image.default\">\n\t\t\t\t\t\t\t\t\t\t\t\t\t\t\t<img loading=\"lazy\" decoding=\"async\" width=\"370\" height=\"253\" src=\"https:\/\/selsa.com\/wp-content\/uploads\/2025\/08\/ik4.jpg\" class=\"attachment-large size-large wp-image-1892\" alt=\"\" srcset=\"https:\/\/selsa.com\/wp-content\/uploads\/2025\/08\/ik4.jpg 370w, https:\/\/selsa.com\/wp-content\/uploads\/2025\/08\/ik4-300x205.jpg 300w\" sizes=\"(max-width: 370px) 100vw, 370px\" \/>\t\t\t\t\t\t\t\t\t\t\t\t\t\t\t<\/div>\n\t\t\t\t\t<\/div>\n\t\t\t\t<\/div>\n\t\t\t\t<\/div>\n\t\t","protected":false},"excerpt":{"rendered":"<p>WIR LEGEN WERT AUF DAS WOHL UNSERER MITARBEITER Ganz egal in welcher Position und wie lange in dieser Position; wir m\u00f6chten, dass unsere Mitarbeiter bei SELSA gro\u00dfartige Erfahrungen sammeln. UNSERE HR-KULTUR Die Gew\u00e4hrleistung der Chancengleichheit in allen Arbeitsgebieten f\u00fcr jeden einzelnen unserer Mitarbeiter. Das Aussch\u00f6pfen der akademischen Bildung, der Erfahrungen und F\u00e4higkeiten unserer Mitarbeiter. Das [&hellip;]<\/p>\n","protected":false},"author":1,"featured_media":0,"parent":0,"menu_order":0,"comment_status":"closed","ping_status":"closed","template":"","meta":{"footnotes":""},"class_list":["post-1887","page","type-page","status-publish","hentry"],"_links":{"self":[{"href":"https:\/\/selsa.com\/de\/wp-json\/wp\/v2\/pages\/1887","targetHints":{"allow":["GET"]}}],"collection":[{"href":"https:\/\/selsa.com\/de\/wp-json\/wp\/v2\/pages"}],"about":[{"href":"https:\/\/selsa.com\/de\/wp-json\/wp\/v2\/types\/page"}],"author":[{"embeddable":true,"href":"https:\/\/selsa.com\/de\/wp-json\/wp\/v2\/users\/1"}],"replies":[{"embeddable":true,"href":"https:\/\/selsa.com\/de\/wp-json\/wp\/v2\/comments?post=1887"}],"version-history":[{"count":2,"href":"https:\/\/selsa.com\/de\/wp-json\/wp\/v2\/pages\/1887\/revisions"}],"predecessor-version":[{"id":2407,"href":"https:\/\/selsa.com\/de\/wp-json\/wp\/v2\/pages\/1887\/revisions\/2407"}],"wp:attachment":[{"href":"https:\/\/selsa.com\/de\/wp-json\/wp\/v2\/media?parent=1887"}],"curies":[{"name":"wp","href":"https:\/\/api.w.org\/{rel}","templated":true}]}}