{"id":1903,"date":"2025-08-02T14:51:37","date_gmt":"2025-08-02T14:51:37","guid":{"rendered":"https:\/\/seyyarservis.com\/selsa\/unsere-geschaeftsethik\/"},"modified":"2025-12-25T12:17:54","modified_gmt":"2025-12-25T12:17:54","slug":"unsere-geschaeftsethik","status":"publish","type":"page","link":"https:\/\/selsa.com\/de\/unsere-geschaeftsethik\/","title":{"rendered":"UNSERE GESCH\u00c4FTSETHIK"},"content":{"rendered":"\t\t<div data-elementor-type=\"wp-page\" data-elementor-id=\"1903\" class=\"elementor elementor-1903 elementor-557\" data-elementor-post-type=\"page\">\n\t\t\t\t<div class=\"elementor-element elementor-element-4b934f07 e-con-full sayfa-brd e-flex e-con e-parent\" data-id=\"4b934f07\" data-element_type=\"container\" data-settings=\"{&quot;background_background&quot;:&quot;classic&quot;}\">\n\t\t<div class=\"elementor-element elementor-element-70726684 e-con-full e-flex e-con e-child\" data-id=\"70726684\" data-element_type=\"container\">\n\t\t\t\t<div class=\"elementor-element elementor-element-6d0a63cb elementor-widget__width-initial elementor-widget-tablet__width-initial elementor-widget-mobile__width-initial elementor-widget elementor-widget-text-editor\" data-id=\"6d0a63cb\" data-element_type=\"widget\" data-widget_type=\"text-editor.default\">\n\t\t\t\t\t\t\t\t\tDAS GRUNDPRINZIP DER FIRMA SELSA BERUHT AUF GERECHTIGKEIT UND EHRLICHKEIT\t\t\t\t\t\t\t\t<\/div>\n\t\t\t\t<\/div>\n\t\t\t\t<\/div>\n\t\t<div class=\"elementor-element elementor-element-5445b5a1 e-con-full e-flex e-con e-parent\" data-id=\"5445b5a1\" data-element_type=\"container\">\n\t\t\t\t<div class=\"elementor-element elementor-element-4dac3283 elementor-widget elementor-widget-heading\" data-id=\"4dac3283\" data-element_type=\"widget\" data-widget_type=\"heading.default\">\n\t\t\t\t\t<h2 class=\"elementor-heading-title elementor-size-default\">UNSERE GESCH\u00c4FTSETHIK\n<\/h2>\t\t\t\t<\/div>\n\t\t\t\t<div class=\"elementor-element elementor-element-2904393a elementor-widget__width-initial elementor-widget elementor-widget-text-editor\" data-id=\"2904393a\" data-element_type=\"widget\" data-widget_type=\"text-editor.default\">\n\t\t\t\t\t\t\t\t\t<div class=\"col-md-12\"><div class=\"col-md-12\"><p>Wir als Mitarbeiter der Firma SELSA arbeiten fair und ehrlich. Wir handeln nach Recht und Gesetz und nach bestem Gewissen entsprechend der Grunds\u00e4tze der Ethik, um den Ruf unserer Firma zu wahren.<\/p><p>Als Unternehmen haben wir uns seit 1992 in der Gesch\u00e4ftswelt einen sehr guten Ruf erworben, auf den wir stolz sein k\u00f6nnen. Um diesen zu wahren, handelt jeder einzelne von uns mit h\u00f6chstem Pflichtbewusstsein laut den Grundprinzipien der Ethik.<\/p><p>Unsere Mitarbeiter handeln nach der im SELSA-Handbuch festgelegten ETHIK- und ARBEITSPRINZIPIEN.<\/p><\/div><\/div><div class=\"col-md-12\"><div class=\"col-md-12\"><p>Wir erwarten von jedem unserer Mitarbeiter, dass er ehrlich, freundlich und offen ist, mit bestem Wissen und Gewissen nach Recht und Gesetz handelt und die Verantwortung f\u00fcr seine Handlungen \u00fcbernimmt.<br> <br><\/p><\/div><\/div>\t\t\t\t\t\t\t\t<\/div>\n\t\t\t\t<\/div>\n\t\t<div class=\"elementor-element elementor-element-37abbf1 e-flex e-con-boxed e-con e-parent\" data-id=\"37abbf1\" data-element_type=\"container\">\n\t\t\t\t\t<div class=\"e-con-inner\">\n\t\t<div class=\"elementor-element elementor-element-d7cf40d e-con-full e-flex e-con e-child\" data-id=\"d7cf40d\" data-element_type=\"container\">\n\t\t\t\t<div class=\"elementor-element elementor-element-cb74b0c elementor-widget elementor-widget-image\" data-id=\"cb74b0c\" data-element_type=\"widget\" data-widget_type=\"image.default\">\n\t\t\t\t\t\t\t\t\t\t\t\t\t\t\t<img fetchpriority=\"high\" decoding=\"async\" width=\"370\" height=\"253\" src=\"https:\/\/selsa.com\/wp-content\/uploads\/2025\/08\/is1-1.jpg\" class=\"attachment-large size-large wp-image-1558\" alt=\"\" srcset=\"https:\/\/selsa.com\/wp-content\/uploads\/2025\/08\/is1-1.jpg 370w, https:\/\/selsa.com\/wp-content\/uploads\/2025\/08\/is1-1-300x205.jpg 300w\" sizes=\"(max-width: 370px) 100vw, 370px\" \/>\t\t\t\t\t\t\t\t\t\t\t\t\t\t\t<\/div>\n\t\t\t\t<\/div>\n\t\t<div class=\"elementor-element elementor-element-2880dac e-con-full e-flex e-con e-child\" data-id=\"2880dac\" data-element_type=\"container\">\n\t\t\t\t<div class=\"elementor-element elementor-element-40c0ba1 elementor-widget__width-auto elementor-widget elementor-widget-text-editor\" data-id=\"40c0ba1\" data-element_type=\"widget\" data-widget_type=\"text-editor.default\">\n\t\t\t\t\t\t\t\t\t<p>SELSA ETHIK- UND ARBEITSPRINZIPIEN<\/p><p style=\"color: #c7c8ca;\">PDF<\/p>\t\t\t\t\t\t\t\t<\/div>\n\t\t\t\t<div class=\"elementor-element elementor-element-84c98b6 elementor-widget__width-auto elementor-widget elementor-widget-image\" data-id=\"84c98b6\" data-element_type=\"widget\" data-widget_type=\"image.default\">\n\t\t\t\t\t\t\t\t\t\t\t\t\t\t\t\t<a href=\"https:\/\/selsa.com\/wp-content\/uploads\/2025\/09\/selsa-is-etigi-kurallari-ve-calisma-ilkeleri.pdf\">\n\t\t\t\t\t\t\t<img decoding=\"async\" width=\"1\" height=\"1\" src=\"https:\/\/selsa.com\/wp-content\/uploads\/2025\/09\/download.svg\" class=\"attachment-large size-large wp-image-2646\" alt=\"\" \/>\t\t\t\t\t\t\t\t<\/a>\n\t\t\t\t\t\t\t\t\t\t\t\t\t\t\t<\/div>\n\t\t\t\t<\/div>\n\t\t\t\t\t<\/div>\n\t\t\t\t<\/div>\n\t\t\t\t<\/div>\n\t\t","protected":false},"excerpt":{"rendered":"<p>DAS GRUNDPRINZIP DER FIRMA SELSA BERUHT AUF GERECHTIGKEIT UND EHRLICHKEIT UNSERE GESCH\u00c4FTSETHIK Wir als Mitarbeiter der Firma SELSA arbeiten fair und ehrlich. Wir handeln nach Recht und Gesetz und nach bestem Gewissen entsprechend der Grunds\u00e4tze der Ethik, um den Ruf unserer Firma zu wahren. Als Unternehmen haben wir uns seit 1992 in der Gesch\u00e4ftswelt einen [&hellip;]<\/p>\n","protected":false},"author":1,"featured_media":0,"parent":0,"menu_order":0,"comment_status":"closed","ping_status":"closed","template":"","meta":{"footnotes":""},"class_list":["post-1903","page","type-page","status-publish","hentry"],"_links":{"self":[{"href":"https:\/\/selsa.com\/de\/wp-json\/wp\/v2\/pages\/1903","targetHints":{"allow":["GET"]}}],"collection":[{"href":"https:\/\/selsa.com\/de\/wp-json\/wp\/v2\/pages"}],"about":[{"href":"https:\/\/selsa.com\/de\/wp-json\/wp\/v2\/types\/page"}],"author":[{"embeddable":true,"href":"https:\/\/selsa.com\/de\/wp-json\/wp\/v2\/users\/1"}],"replies":[{"embeddable":true,"href":"https:\/\/selsa.com\/de\/wp-json\/wp\/v2\/comments?post=1903"}],"version-history":[{"count":8,"href":"https:\/\/selsa.com\/de\/wp-json\/wp\/v2\/pages\/1903\/revisions"}],"predecessor-version":[{"id":2662,"href":"https:\/\/selsa.com\/de\/wp-json\/wp\/v2\/pages\/1903\/revisions\/2662"}],"wp:attachment":[{"href":"https:\/\/selsa.com\/de\/wp-json\/wp\/v2\/media?parent=1903"}],"curies":[{"name":"wp","href":"https:\/\/api.w.org\/{rel}","templated":true}]}}