{"id":1909,"date":"2025-08-02T13:10:12","date_gmt":"2025-08-02T13:10:12","guid":{"rendered":"https:\/\/seyyarservis.com\/selsa\/unsere-hse-kultur\/"},"modified":"2025-12-25T12:17:54","modified_gmt":"2025-12-25T12:17:54","slug":"unsere-hse-kultur","status":"publish","type":"page","link":"https:\/\/selsa.com\/de\/unsere-hse-kultur\/","title":{"rendered":"UNSERE HSE-KULTUR"},"content":{"rendered":"\t\t<div data-elementor-type=\"wp-page\" data-elementor-id=\"1909\" class=\"elementor elementor-1909 elementor-299\" data-elementor-post-type=\"page\">\n\t\t\t\t<div class=\"elementor-element elementor-element-5d8177b e-con-full sayfa-brd e-flex e-con e-parent\" data-id=\"5d8177b\" data-element_type=\"container\" data-settings=\"{&quot;background_background&quot;:&quot;classic&quot;}\">\n\t\t<div class=\"elementor-element elementor-element-b8dc1e8 e-con-full e-flex e-con e-child\" data-id=\"b8dc1e8\" data-element_type=\"container\">\n\t\t\t\t<div class=\"elementor-element elementor-element-142eedd elementor-widget__width-initial elementor-widget-tablet__width-initial elementor-widget-mobile__width-initial elementor-widget elementor-widget-text-editor\" data-id=\"142eedd\" data-element_type=\"widget\" data-widget_type=\"text-editor.default\">\n\t\t\t\t\t\t\t\t\t<p>WIR LEGEN WERT AUF DIE SICHERHEIT UNSERER MITARBEITER<\/p>\t\t\t\t\t\t\t\t<\/div>\n\t\t\t\t<\/div>\n\t\t\t\t<\/div>\n\t\t<div class=\"elementor-element elementor-element-40e8a1c e-con-full e-flex e-con e-parent\" data-id=\"40e8a1c\" data-element_type=\"container\">\n\t\t\t\t<div class=\"elementor-element elementor-element-ae43254 elementor-widget elementor-widget-text-editor\" data-id=\"ae43254\" data-element_type=\"widget\" data-widget_type=\"text-editor.default\">\n\t\t\t\t\t\t\t\t\t<p>Die Gesundheit und Arbeitssicherheit unserer Mitarbeiter sind die Grundprinzipien unserer Arbeit. Das Wichtigste, was unsere Arbeit wertvoll, unsere Maschinen besonders und unsere Ziele spannend h\u00e4lt, ist die Gewissheit das unserer Mitarbeiter gesund und unserer Arbeitsbedingungen sicher sind. Wir arbeiten aktiv an diesem Thema und setzen unsere Praktiken in Bezug auf Arbeitssicherheit mit Entschlossenheit fort.<\/p>\t\t\t\t\t\t\t\t<\/div>\n\t\t\t\t<div class=\"elementor-element elementor-element-489f482 elementor-widget elementor-widget-heading\" data-id=\"489f482\" data-element_type=\"widget\" data-widget_type=\"heading.default\">\n\t\t\t\t\t<h2 class=\"elementor-heading-title elementor-size-default\">UNSER UMWELT- UND ARBEITSSICHERHEITSVERST\u00c4NDNIS\n<\/h2>\t\t\t\t<\/div>\n\t\t\t\t<div class=\"elementor-element elementor-element-af0f4f4 elementor-widget__width-initial elementor-widget elementor-widget-text-editor\" data-id=\"af0f4f4\" data-element_type=\"widget\" data-widget_type=\"text-editor.default\">\n\t\t\t\t\t\t\t\t\t<ul><li>Die gesetzlichen Verpflichtungen und Anforderungen bzgl. der Umwelt- und Arbeitssicherheitsangelegenheiten zu erf\u00fcllen. <\/li><li>Um Verletzungen und Gesundheitssch\u00e4den zu vermeiden, unter Ber\u00fccksichtigung der Mitarbeitermeinungen, gesunde Arbeitsbedingungen zur Verf\u00fcgung zu stellen, die Gefahren beseitigen und die ISG-Risiken minimieren.<\/li><li>Unter transparenten und sicheren Kommunikation mit den Mitarbeitern und Gew\u00e4hrleistung der Beratung und Teilnahme unserer Mitarbeiter, Verbesserung der Kultur des ISG- Managementsystems.<\/li><li>Die kontinuierlich verbesserte Umwelt- und Arbeitssicherheitsmanagementsysteme zu pflegen, die von der Verwaltung unterst\u00fctzt und von allen Mitarbeitern angenommen. umgesetzt, kontrolliert, \u00fcberpr\u00fcft und von der \u00d6ffentlichkeit \u00fcberwacht werden,<\/li><li>Durch effektive Nutzung unserer Prozesseingaben und nat\u00fcrlichen Ressourcen, unsere Abf\u00e4lle reduzieren, die Verwertung gew\u00e4hrleisten, Verschmutzung vermeiden und die Umwelt sch\u00fctzen.<\/li><li>All unsere Mitarbeiter bzgl. der Umwelt- und Arbeitssicherheitsangelegenheiten bewusst zu machen und sie f\u00fcr Umweltstudien zu f\u00f6rdern.<\/li><li>Unter Ber\u00fccksichtigung m\u00f6glicher Notf\u00e4lle, Umweltunf\u00e4lle, Arbeitsunf\u00e4lle und Gesundheitssch\u00e4den die erforderlichen Ma\u00dfnahmen schon w\u00e4hrend der Entwurfsphase der Prozesse verhindern.<\/li><\/ul>\t\t\t\t\t\t\t\t<\/div>\n\t\t\t\t<div class=\"elementor-element elementor-element-8a8738b elementor-widget elementor-widget-text-editor\" data-id=\"8a8738b\" data-element_type=\"widget\" data-widget_type=\"text-editor.default\">\n\t\t\t\t\t\t\t\t\t<p>Das betriebliche Gesundheits- und Umweltmanagementsystem von SELSA umfasst folgende Bereiche. Innerhalb des Unternehmens: Logistik, Produktion, Instandhaltung, Qualit\u00e4tskontrolle, Einkauf, Forschung- und Entwicklung, Arbeitssicherheit, Werksarzt, Werkschutz, Werksreinigung, Kantine und Fahrdienstleister. Au\u00dferhalb des Unternehmens: W\u00e4rmebehandlung und Beschichtungs- Dienstleister und an der Adresse NOSAB Erguvan Stra\u00dfe Nr.: 11 und NOSAB 308. Sokak No:5 befindliche benachbarten Firmen. Sokak Nr. 5 umfasst die externen Nachbarfirmen innerhalb der physischen Umweltgrenzen.<\/p>\t\t\t\t\t\t\t\t<\/div>\n\t\t\t\t<\/div>\n\t\t<div class=\"elementor-element elementor-element-659bcc6 e-grid e-con-boxed e-con e-parent\" data-id=\"659bcc6\" data-element_type=\"container\">\n\t\t\t\t\t<div class=\"e-con-inner\">\n\t\t\t\t<div class=\"elementor-element elementor-element-da22380 elementor-widget elementor-widget-image\" data-id=\"da22380\" data-element_type=\"widget\" data-widget_type=\"image.default\">\n\t\t\t\t\t\t\t\t\t\t\t\t\t\t\t<img fetchpriority=\"high\" decoding=\"async\" width=\"370\" height=\"253\" src=\"https:\/\/selsa.com\/wp-content\/uploads\/2025\/08\/isg1.jpg\" class=\"attachment-large size-large wp-image-1864\" alt=\"\" srcset=\"https:\/\/selsa.com\/wp-content\/uploads\/2025\/08\/isg1.jpg 370w, https:\/\/selsa.com\/wp-content\/uploads\/2025\/08\/isg1-300x205.jpg 300w\" sizes=\"(max-width: 370px) 100vw, 370px\" \/>\t\t\t\t\t\t\t\t\t\t\t\t\t\t\t<\/div>\n\t\t\t\t<div class=\"elementor-element elementor-element-9d49130 elementor-widget elementor-widget-image\" data-id=\"9d49130\" data-element_type=\"widget\" data-widget_type=\"image.default\">\n\t\t\t\t\t\t\t\t\t\t\t\t\t\t\t<img decoding=\"async\" width=\"370\" height=\"253\" src=\"https:\/\/selsa.com\/wp-content\/uploads\/2025\/08\/isg2.jpg\" class=\"attachment-large size-large wp-image-1865\" alt=\"\" srcset=\"https:\/\/selsa.com\/wp-content\/uploads\/2025\/08\/isg2.jpg 370w, https:\/\/selsa.com\/wp-content\/uploads\/2025\/08\/isg2-300x205.jpg 300w\" sizes=\"(max-width: 370px) 100vw, 370px\" \/>\t\t\t\t\t\t\t\t\t\t\t\t\t\t\t<\/div>\n\t\t\t\t<div class=\"elementor-element elementor-element-d328860 elementor-widget elementor-widget-image\" data-id=\"d328860\" data-element_type=\"widget\" data-widget_type=\"image.default\">\n\t\t\t\t\t\t\t\t\t\t\t\t\t\t\t<img decoding=\"async\" width=\"370\" height=\"253\" src=\"https:\/\/selsa.com\/wp-content\/uploads\/2025\/08\/isg3.jpg\" class=\"attachment-large size-large wp-image-1866\" alt=\"\" srcset=\"https:\/\/selsa.com\/wp-content\/uploads\/2025\/08\/isg3.jpg 370w, https:\/\/selsa.com\/wp-content\/uploads\/2025\/08\/isg3-300x205.jpg 300w\" sizes=\"(max-width: 370px) 100vw, 370px\" \/>\t\t\t\t\t\t\t\t\t\t\t\t\t\t\t<\/div>\n\t\t\t\t\t<\/div>\n\t\t\t\t<\/div>\n\t\t\t\t<\/div>\n\t\t","protected":false},"excerpt":{"rendered":"<p>WIR LEGEN WERT AUF DIE SICHERHEIT UNSERER MITARBEITER Die Gesundheit und Arbeitssicherheit unserer Mitarbeiter sind die Grundprinzipien unserer Arbeit. Das Wichtigste, was unsere Arbeit wertvoll, unsere Maschinen besonders und unsere Ziele spannend h\u00e4lt, ist die Gewissheit das unserer Mitarbeiter gesund und unserer Arbeitsbedingungen sicher sind. Wir arbeiten aktiv an diesem Thema und setzen unsere Praktiken [&hellip;]<\/p>\n","protected":false},"author":1,"featured_media":0,"parent":0,"menu_order":0,"comment_status":"closed","ping_status":"closed","template":"","meta":{"footnotes":""},"class_list":["post-1909","page","type-page","status-publish","hentry"],"_links":{"self":[{"href":"https:\/\/selsa.com\/de\/wp-json\/wp\/v2\/pages\/1909","targetHints":{"allow":["GET"]}}],"collection":[{"href":"https:\/\/selsa.com\/de\/wp-json\/wp\/v2\/pages"}],"about":[{"href":"https:\/\/selsa.com\/de\/wp-json\/wp\/v2\/types\/page"}],"author":[{"embeddable":true,"href":"https:\/\/selsa.com\/de\/wp-json\/wp\/v2\/users\/1"}],"replies":[{"embeddable":true,"href":"https:\/\/selsa.com\/de\/wp-json\/wp\/v2\/comments?post=1909"}],"version-history":[{"count":4,"href":"https:\/\/selsa.com\/de\/wp-json\/wp\/v2\/pages\/1909\/revisions"}],"predecessor-version":[{"id":2166,"href":"https:\/\/selsa.com\/de\/wp-json\/wp\/v2\/pages\/1909\/revisions\/2166"}],"wp:attachment":[{"href":"https:\/\/selsa.com\/de\/wp-json\/wp\/v2\/media?parent=1909"}],"curies":[{"name":"wp","href":"https:\/\/api.w.org\/{rel}","templated":true}]}}