{"id":1919,"date":"2025-08-02T11:07:19","date_gmt":"2025-08-02T11:07:19","guid":{"rendered":"https:\/\/seyyarservis.com\/selsa\/unsere-qualitaetskultur\/"},"modified":"2025-12-25T12:17:54","modified_gmt":"2025-12-25T12:17:54","slug":"unsere-qualitaetskultur","status":"publish","type":"page","link":"https:\/\/selsa.com\/de\/unsere-qualitaetskultur\/","title":{"rendered":"UNSERE QUALIT\u00c4TSKULTUR"},"content":{"rendered":"\t\t<div data-elementor-type=\"wp-page\" data-elementor-id=\"1919\" class=\"elementor elementor-1919 elementor-203\" data-elementor-post-type=\"page\">\n\t\t\t\t<div class=\"elementor-element elementor-element-5d8177b e-con-full sayfa-brd e-flex e-con e-parent\" data-id=\"5d8177b\" data-element_type=\"container\" data-settings=\"{&quot;background_background&quot;:&quot;classic&quot;}\">\n\t\t<div class=\"elementor-element elementor-element-b8dc1e8 e-con-full e-flex e-con e-child\" data-id=\"b8dc1e8\" data-element_type=\"container\">\n\t\t\t\t<div class=\"elementor-element elementor-element-142eedd elementor-widget__width-initial elementor-widget-tablet__width-initial elementor-widget-mobile__width-initial elementor-widget elementor-widget-text-editor\" data-id=\"142eedd\" data-element_type=\"widget\" data-widget_type=\"text-editor.default\">\n\t\t\t\t\t\t\t\t\t<p>Wir Arbeiten Kundenorientiert<\/p>\t\t\t\t\t\t\t\t<\/div>\n\t\t\t\t<\/div>\n\t\t\t\t<\/div>\n\t\t<div class=\"elementor-element elementor-element-40e8a1c e-con-full e-flex e-con e-parent\" data-id=\"40e8a1c\" data-element_type=\"container\">\n\t\t\t\t<div class=\"elementor-element elementor-element-489f482 elementor-widget elementor-widget-heading\" data-id=\"489f482\" data-element_type=\"widget\" data-widget_type=\"heading.default\">\n\t\t\t\t\t<h2 class=\"elementor-heading-title elementor-size-default\">UNSERE QUALIT\u00c4TSKULTUR\n<\/h2>\t\t\t\t<\/div>\n\t\t\t\t<div class=\"elementor-element elementor-element-af0f4f4 elementor-widget__width-initial elementor-widget elementor-widget-text-editor\" data-id=\"af0f4f4\" data-element_type=\"widget\" data-widget_type=\"text-editor.default\">\n\t\t\t\t\t\t\t\t\t<div>\n<ul>\n \t<li>Gew\u00e4hrleistung der Kundenzufriedenheit<\/li>\n \t<li>Null-Fehler-Produktion<\/li>\n \t<li>Einhaltung der Liefertermine<\/li>\n \t<li>Kosteng\u00fcnstige Fertigung<\/li>\n \t<li>Gew\u00e4hrleistung der Sicherheit und Stimmigkeit der Produkte in allen Phasen der Lieferkette<\/li>\n<\/ul>\n<\/div>\t\t\t\t\t\t\t\t<\/div>\n\t\t\t\t<\/div>\n\t\t<div class=\"elementor-element elementor-element-659bcc6 e-grid e-con-boxed e-con e-parent\" data-id=\"659bcc6\" data-element_type=\"container\">\n\t\t\t\t\t<div class=\"e-con-inner\">\n\t\t\t\t<div class=\"elementor-element elementor-element-da22380 elementor-widget elementor-widget-image\" data-id=\"da22380\" data-element_type=\"widget\" data-widget_type=\"image.default\">\n\t\t\t\t\t\t\t\t\t\t\t\t\t\t\t<img fetchpriority=\"high\" decoding=\"async\" width=\"370\" height=\"253\" src=\"https:\/\/selsa.com\/wp-content\/uploads\/2025\/08\/kk1.jpg\" class=\"attachment-large size-large wp-image-1920\" alt=\"\" srcset=\"https:\/\/selsa.com\/wp-content\/uploads\/2025\/08\/kk1.jpg 370w, https:\/\/selsa.com\/wp-content\/uploads\/2025\/08\/kk1-300x205.jpg 300w\" sizes=\"(max-width: 370px) 100vw, 370px\" \/>\t\t\t\t\t\t\t\t\t\t\t\t\t\t\t<\/div>\n\t\t\t\t<div class=\"elementor-element elementor-element-9d49130 elementor-widget elementor-widget-image\" data-id=\"9d49130\" data-element_type=\"widget\" data-widget_type=\"image.default\">\n\t\t\t\t\t\t\t\t\t\t\t\t\t\t\t<img decoding=\"async\" width=\"370\" height=\"253\" src=\"https:\/\/selsa.com\/wp-content\/uploads\/2025\/08\/kk2.jpg\" class=\"attachment-large size-large wp-image-1921\" alt=\"\" srcset=\"https:\/\/selsa.com\/wp-content\/uploads\/2025\/08\/kk2.jpg 370w, https:\/\/selsa.com\/wp-content\/uploads\/2025\/08\/kk2-300x205.jpg 300w\" sizes=\"(max-width: 370px) 100vw, 370px\" \/>\t\t\t\t\t\t\t\t\t\t\t\t\t\t\t<\/div>\n\t\t\t\t<div class=\"elementor-element elementor-element-d328860 elementor-widget elementor-widget-image\" data-id=\"d328860\" data-element_type=\"widget\" data-widget_type=\"image.default\">\n\t\t\t\t\t\t\t\t\t\t\t\t\t\t\t<img decoding=\"async\" width=\"370\" height=\"253\" src=\"https:\/\/selsa.com\/wp-content\/uploads\/2025\/08\/kk3.jpg\" class=\"attachment-large size-large wp-image-1922\" alt=\"\" srcset=\"https:\/\/selsa.com\/wp-content\/uploads\/2025\/08\/kk3.jpg 370w, https:\/\/selsa.com\/wp-content\/uploads\/2025\/08\/kk3-300x205.jpg 300w\" sizes=\"(max-width: 370px) 100vw, 370px\" \/>\t\t\t\t\t\t\t\t\t\t\t\t\t\t\t<\/div>\n\t\t\t\t\t<\/div>\n\t\t\t\t<\/div>\n\t\t\t\t<\/div>\n\t\t","protected":false},"excerpt":{"rendered":"<p>Wir Arbeiten Kundenorientiert UNSERE QUALIT\u00c4TSKULTUR Gew\u00e4hrleistung der Kundenzufriedenheit Null-Fehler-Produktion Einhaltung der Liefertermine Kosteng\u00fcnstige Fertigung Gew\u00e4hrleistung der Sicherheit und Stimmigkeit der Produkte in allen Phasen der Lieferkette<\/p>\n","protected":false},"author":1,"featured_media":0,"parent":0,"menu_order":0,"comment_status":"closed","ping_status":"closed","template":"","meta":{"footnotes":""},"class_list":["post-1919","page","type-page","status-publish","hentry"],"_links":{"self":[{"href":"https:\/\/selsa.com\/de\/wp-json\/wp\/v2\/pages\/1919","targetHints":{"allow":["GET"]}}],"collection":[{"href":"https:\/\/selsa.com\/de\/wp-json\/wp\/v2\/pages"}],"about":[{"href":"https:\/\/selsa.com\/de\/wp-json\/wp\/v2\/types\/page"}],"author":[{"embeddable":true,"href":"https:\/\/selsa.com\/de\/wp-json\/wp\/v2\/users\/1"}],"replies":[{"embeddable":true,"href":"https:\/\/selsa.com\/de\/wp-json\/wp\/v2\/comments?post=1919"}],"version-history":[{"count":2,"href":"https:\/\/selsa.com\/de\/wp-json\/wp\/v2\/pages\/1919\/revisions"}],"predecessor-version":[{"id":2418,"href":"https:\/\/selsa.com\/de\/wp-json\/wp\/v2\/pages\/1919\/revisions\/2418"}],"wp:attachment":[{"href":"https:\/\/selsa.com\/de\/wp-json\/wp\/v2\/media?parent=1919"}],"curies":[{"name":"wp","href":"https:\/\/api.w.org\/{rel}","templated":true}]}}