{"id":1932,"date":"2025-08-02T12:57:31","date_gmt":"2025-08-02T12:57:31","guid":{"rendered":"https:\/\/seyyarservis.com\/selsa\/unternehmensidentitaet\/"},"modified":"2025-09-23T14:44:55","modified_gmt":"2025-09-23T14:44:55","slug":"unternehmensidentitaet","status":"publish","type":"page","link":"https:\/\/selsa.com\/de\/unternehmensidentitaet\/","title":{"rendered":"UNTERNEHMENSIDENTIT\u00c4T"},"content":{"rendered":"\t\t<div data-elementor-type=\"wp-page\" data-elementor-id=\"1932\" class=\"elementor elementor-1932 elementor-337\" data-elementor-post-type=\"page\">\n\t\t\t\t<div class=\"elementor-element elementor-element-5d8177b e-con-full sayfa-brd e-flex e-con e-parent\" data-id=\"5d8177b\" data-element_type=\"container\" data-settings=\"{&quot;background_background&quot;:&quot;classic&quot;}\">\n\t\t<div class=\"elementor-element elementor-element-b8dc1e8 e-con-full e-flex e-con e-child\" data-id=\"b8dc1e8\" data-element_type=\"container\">\n\t\t\t\t<div class=\"elementor-element elementor-element-d5b5297 elementor-widget__width-initial elementor-widget-tablet__width-initial elementor-widget-mobile__width-initial elementor-widget elementor-widget-text-editor\" data-id=\"d5b5297\" data-element_type=\"widget\" data-widget_type=\"text-editor.default\">\n\t\t\t\t\t\t\t\t\t<p>Wir Reflektieren Unsere Identit\u00e4t Unserer T\u00e4tigkeiten<\/p>\t\t\t\t\t\t\t\t<\/div>\n\t\t\t\t<div class=\"elementor-element elementor-element-b4069ae elementor-widget elementor-widget-text-editor\" data-id=\"b4069ae\" data-element_type=\"widget\" data-widget_type=\"text-editor.default\">\n\t\t\t\t\t\t\t\t\t<p>Unsere Unternehmenspolitik spiegelt sich in unsere Arbeit wider.<\/p>\t\t\t\t\t\t\t\t<\/div>\n\t\t\t\t<\/div>\n\t\t\t\t<\/div>\n\t\t<div class=\"elementor-element elementor-element-40e8a1c e-con-full e-flex e-con e-parent\" data-id=\"40e8a1c\" data-element_type=\"container\">\n\t\t\t\t<div class=\"elementor-element elementor-element-489f482 elementor-widget elementor-widget-heading\" data-id=\"489f482\" data-element_type=\"widget\" data-widget_type=\"heading.default\">\n\t\t\t\t\t<h2 class=\"elementor-heading-title elementor-size-default\">UNTERNEHMENSIDENTIT\u00c4T\n<\/h2>\t\t\t\t<\/div>\n\t\t\t\t<div class=\"elementor-element elementor-element-af0f4f4 elementor-widget__width-initial elementor-widget elementor-widget-text-editor\" data-id=\"af0f4f4\" data-element_type=\"widget\" data-widget_type=\"text-editor.default\">\n\t\t\t\t\t\t\t\t\t<div class=\"col-md-12\"><div class=\"col-md-12\"><p>Das Logo steht f\u00fcr die Marke; f\u00fcr den Charakter, die Einstellung, die Ausdrucksweise, die Haltung\u2026<br>Wir als SELSA tun alles in unseren Kr\u00e4ften stehende, um unser Logo oberste Priorit\u00e4t zu verleihen.<br><br>Das Logo von SELSA das seit 28 Jahren besteht, haben wir erneuert, um unserer Unternehmensidentit\u00e4t einen \u00e4sthetischen Touch zu geben, und um die modernen zeitgem\u00e4\u00dfen Linien zu erreichen. Mit unserem neuen Logo und unserer Unternehmensidentit\u00e4t strahlen wir Dynamik, \u00c4sthetik, St\u00e4rke und Energie aus.      <\/p><p> <\/p><p>&#8211; <\/p><\/div><div class=\"galeri row\"> <\/div><\/div>\t\t\t\t\t\t\t\t<\/div>\n\t\t\t\t<\/div>\n\t\t<div class=\"elementor-element elementor-element-61b746d e-flex e-con-boxed e-con e-parent\" data-id=\"61b746d\" data-element_type=\"container\">\n\t\t\t\t\t<div class=\"e-con-inner\">\n\t\t<div class=\"elementor-element elementor-element-af828e1 e-con-full e-flex e-con e-child\" data-id=\"af828e1\" data-element_type=\"container\">\n\t\t\t\t<div class=\"elementor-element elementor-element-68a7c2c elementor-widget elementor-widget-image\" data-id=\"68a7c2c\" data-element_type=\"widget\" data-widget_type=\"image.default\">\n\t\t\t\t\t\t\t\t\t\t\t\t\t\t\t<img fetchpriority=\"high\" decoding=\"async\" width=\"370\" height=\"253\" src=\"https:\/\/selsa.com\/wp-content\/uploads\/2025\/08\/kur1.jpg\" class=\"attachment-large size-large wp-image-1936\" alt=\"\" srcset=\"https:\/\/selsa.com\/wp-content\/uploads\/2025\/08\/kur1.jpg 370w, https:\/\/selsa.com\/wp-content\/uploads\/2025\/08\/kur1-300x205.jpg 300w\" sizes=\"(max-width: 370px) 100vw, 370px\" \/>\t\t\t\t\t\t\t\t\t\t\t\t\t\t\t<\/div>\n\t\t\t\t<\/div>\n\t\t<div class=\"elementor-element elementor-element-34e86c8 e-con-full e-flex e-con e-child\" data-id=\"34e86c8\" data-element_type=\"container\">\n\t\t\t\t<div class=\"elementor-element elementor-element-a4bda62 elementor-widget elementor-widget-image\" data-id=\"a4bda62\" data-element_type=\"widget\" data-widget_type=\"image.default\">\n\t\t\t\t\t\t\t\t\t\t\t\t\t\t\t<img decoding=\"async\" width=\"370\" height=\"253\" src=\"https:\/\/selsa.com\/wp-content\/uploads\/2025\/08\/kur2.jpg\" class=\"attachment-large size-large wp-image-1935\" alt=\"\" srcset=\"https:\/\/selsa.com\/wp-content\/uploads\/2025\/08\/kur2.jpg 370w, https:\/\/selsa.com\/wp-content\/uploads\/2025\/08\/kur2-300x205.jpg 300w\" sizes=\"(max-width: 370px) 100vw, 370px\" \/>\t\t\t\t\t\t\t\t\t\t\t\t\t\t\t<\/div>\n\t\t\t\t<\/div>\n\t\t<div class=\"elementor-element elementor-element-b5c1a3b e-con-full e-flex e-con e-child\" data-id=\"b5c1a3b\" data-element_type=\"container\">\n\t\t\t\t<div class=\"elementor-element elementor-element-84cfe1a elementor-widget elementor-widget-image\" data-id=\"84cfe1a\" data-element_type=\"widget\" data-widget_type=\"image.default\">\n\t\t\t\t\t\t\t\t\t\t\t\t\t\t\t<img decoding=\"async\" width=\"370\" height=\"253\" src=\"https:\/\/selsa.com\/wp-content\/uploads\/2025\/08\/kur3.jpg\" class=\"attachment-large size-large wp-image-1934\" alt=\"\" srcset=\"https:\/\/selsa.com\/wp-content\/uploads\/2025\/08\/kur3.jpg 370w, https:\/\/selsa.com\/wp-content\/uploads\/2025\/08\/kur3-300x205.jpg 300w\" sizes=\"(max-width: 370px) 100vw, 370px\" \/>\t\t\t\t\t\t\t\t\t\t\t\t\t\t\t<\/div>\n\t\t\t\t<\/div>\n\t\t<div class=\"elementor-element elementor-element-42b945e e-con-full e-flex e-con e-child\" data-id=\"42b945e\" data-element_type=\"container\">\n\t\t\t\t<div class=\"elementor-element elementor-element-09ab9d3 elementor-widget elementor-widget-text-editor\" data-id=\"09ab9d3\" data-element_type=\"widget\" data-widget_type=\"text-editor.default\">\n\t\t\t\t\t\t\t\t\t<p>BESCHREIBUNG DER UNTERNEHMENSIDENTIT\u00c4T VON SELSA<\/p><p style=\"color: #c7c8ca;\">PDF<\/p>\t\t\t\t\t\t\t\t<\/div>\n\t\t\t\t<div class=\"elementor-element elementor-element-b0042ba elementor-widget__width-auto elementor-widget elementor-widget-image\" data-id=\"b0042ba\" data-element_type=\"widget\" data-widget_type=\"image.default\">\n\t\t\t\t\t\t\t\t\t\t\t\t\t\t\t\t<a href=\"https:\/\/selsa.com\/wp-content\/uploads\/2025\/09\/selsa-kurumsal-kimlik-kilavuzu.pdf\">\n\t\t\t\t\t\t\t<img loading=\"lazy\" decoding=\"async\" width=\"1\" height=\"1\" src=\"https:\/\/selsa.com\/wp-content\/uploads\/2025\/09\/download.svg\" class=\"attachment-large size-large wp-image-2646\" alt=\"\" \/>\t\t\t\t\t\t\t\t<\/a>\n\t\t\t\t\t\t\t\t\t\t\t\t\t\t\t<\/div>\n\t\t\t\t<\/div>\n\t\t\t\t\t<\/div>\n\t\t\t\t<\/div>\n\t\t\t\t<\/div>\n\t\t","protected":false},"excerpt":{"rendered":"<p>Wir Reflektieren Unsere Identit\u00e4t Unserer T\u00e4tigkeiten Unsere Unternehmenspolitik spiegelt sich in unsere Arbeit wider. UNTERNEHMENSIDENTIT\u00c4T Das Logo steht f\u00fcr die Marke; f\u00fcr den Charakter, die Einstellung, die Ausdrucksweise, die Haltung\u2026Wir als SELSA tun alles in unseren Kr\u00e4ften stehende, um unser Logo oberste Priorit\u00e4t zu verleihen. Das Logo von SELSA das seit 28 Jahren besteht, haben [&hellip;]<\/p>\n","protected":false},"author":1,"featured_media":0,"parent":0,"menu_order":0,"comment_status":"closed","ping_status":"closed","template":"","meta":{"footnotes":""},"class_list":["post-1932","page","type-page","status-publish","hentry"],"_links":{"self":[{"href":"https:\/\/selsa.com\/de\/wp-json\/wp\/v2\/pages\/1932","targetHints":{"allow":["GET"]}}],"collection":[{"href":"https:\/\/selsa.com\/de\/wp-json\/wp\/v2\/pages"}],"about":[{"href":"https:\/\/selsa.com\/de\/wp-json\/wp\/v2\/types\/page"}],"author":[{"embeddable":true,"href":"https:\/\/selsa.com\/de\/wp-json\/wp\/v2\/users\/1"}],"replies":[{"embeddable":true,"href":"https:\/\/selsa.com\/de\/wp-json\/wp\/v2\/comments?post=1932"}],"version-history":[{"count":3,"href":"https:\/\/selsa.com\/de\/wp-json\/wp\/v2\/pages\/1932\/revisions"}],"predecessor-version":[{"id":2840,"href":"https:\/\/selsa.com\/de\/wp-json\/wp\/v2\/pages\/1932\/revisions\/2840"}],"wp:attachment":[{"href":"https:\/\/selsa.com\/de\/wp-json\/wp\/v2\/media?parent=1932"}],"curies":[{"name":"wp","href":"https:\/\/api.w.org\/{rel}","templated":true}]}}