{"id":1940,"date":"2025-08-02T14:32:53","date_gmt":"2025-08-02T14:32:53","guid":{"rendered":"https:\/\/seyyarservis.com\/selsa\/referenzen\/"},"modified":"2025-12-25T12:17:54","modified_gmt":"2025-12-25T12:17:54","slug":"referenzen","status":"publish","type":"page","link":"https:\/\/selsa.com\/de\/referenzen\/","title":{"rendered":"REFERENZEN"},"content":{"rendered":"\t\t<div data-elementor-type=\"wp-page\" data-elementor-id=\"1940\" class=\"elementor elementor-1940 elementor-518\" data-elementor-post-type=\"page\">\n\t\t\t\t<div class=\"elementor-element elementor-element-5d8177b e-con-full sayfa-brd e-flex e-con e-parent\" data-id=\"5d8177b\" data-element_type=\"container\">\n\t\t\t\t<div class=\"elementor-element elementor-element-dee5df2 elementor-widget__width-inherit elementor-absolute elementor-widget elementor-widget-image\" data-id=\"dee5df2\" data-element_type=\"widget\" data-settings=\"{&quot;_position&quot;:&quot;absolute&quot;}\" data-widget_type=\"image.default\">\n\t\t\t\t\t\t\t\t\t\t\t\t\t\t\t<img fetchpriority=\"high\" decoding=\"async\" width=\"1903\" height=\"348\" src=\"https:\/\/selsa.com\/wp-content\/uploads\/2025\/08\/uyeGorselBg.jpg\" class=\"attachment-2048x2048 size-2048x2048 wp-image-2111\" alt=\"\" srcset=\"https:\/\/selsa.com\/wp-content\/uploads\/2025\/08\/uyeGorselBg.jpg 1903w, https:\/\/selsa.com\/wp-content\/uploads\/2025\/08\/uyeGorselBg-300x55.jpg 300w, https:\/\/selsa.com\/wp-content\/uploads\/2025\/08\/uyeGorselBg-1024x187.jpg 1024w, https:\/\/selsa.com\/wp-content\/uploads\/2025\/08\/uyeGorselBg-768x140.jpg 768w, https:\/\/selsa.com\/wp-content\/uploads\/2025\/08\/uyeGorselBg-1536x281.jpg 1536w\" sizes=\"(max-width: 1903px) 100vw, 1903px\" \/>\t\t\t\t\t\t\t\t\t\t\t\t\t\t\t<\/div>\n\t\t<div class=\"elementor-element elementor-element-b8dc1e8 e-con-full e-flex e-con e-child\" data-id=\"b8dc1e8\" data-element_type=\"container\">\n\t\t\t\t<div class=\"elementor-element elementor-element-142eedd elementor-widget__width-initial elementor-widget-tablet__width-initial elementor-widget-mobile__width-initial elementor-widget elementor-widget-text-editor\" data-id=\"142eedd\" data-element_type=\"widget\" data-widget_type=\"text-editor.default\">\n\t\t\t\t\t\t\t\t\t<p>GEGENSEITIGES VERTRAUEN IST WICHTIGER ALS UNTERSCHRIFTEN<\/p>\t\t\t\t\t\t\t\t<\/div>\n\t\t\t\t<\/div>\n\t\t\t\t<\/div>\n\t\t<div class=\"elementor-element elementor-element-315d53c e-flex e-con-boxed e-con e-parent\" data-id=\"315d53c\" data-element_type=\"container\">\n\t\t\t\t\t<div class=\"e-con-inner\">\n\t\t\t\t<div class=\"elementor-element elementor-element-98edef1 elementor-widget elementor-widget-text-editor\" data-id=\"98edef1\" data-element_type=\"widget\" data-widget_type=\"text-editor.default\">\n\t\t\t\t\t\t\t\t\tEs ist f\u00fcr uns \u00e4u\u00dferst wichtig, dass jeder, dessen Weg sich mit unserem kreuzt, sich w\u00e4hrend unserer Zusammenarbeit gl\u00fccklich f\u00fchlt, die Arbeit genie\u00dft und sich darauf freut, die Arbeit mit uns fortzusetzen. Jede neu beginnende Beziehung ist unbegrenzter Zeitraum; wir glauben daran und wollen deshalb bleibende Spuren hinterlassen, die auch zuk\u00fcnftige Generationen stolz machen.\n\n\t\t\t\t\t\t\t\t<\/div>\n\t\t\t\t\t<\/div>\n\t\t\t\t<\/div>\n\t\t<div class=\"elementor-element elementor-element-659bcc6 e-grid e-con-boxed e-con e-parent\" data-id=\"659bcc6\" data-element_type=\"container\">\n\t\t\t\t\t<div class=\"e-con-inner\">\n\t\t\t\t<div class=\"elementor-element elementor-element-9d49130 elementor-widget elementor-widget-image\" data-id=\"9d49130\" data-element_type=\"widget\" data-widget_type=\"image.default\">\n\t\t\t\t\t\t\t\t\t\t\t\t\t\t\t<img decoding=\"async\" width=\"370\" height=\"150\" src=\"https:\/\/selsa.com\/wp-content\/uploads\/2025\/08\/sek1.jpg\" class=\"attachment-large size-large wp-image-1944\" alt=\"\" srcset=\"https:\/\/selsa.com\/wp-content\/uploads\/2025\/08\/sek1.jpg 370w, https:\/\/selsa.com\/wp-content\/uploads\/2025\/08\/sek1-300x122.jpg 300w\" sizes=\"(max-width: 370px) 100vw, 370px\" \/>\t\t\t\t\t\t\t\t\t\t\t\t\t\t\t<\/div>\n\t\t\t\t<div class=\"elementor-element elementor-element-d328860 elementor-widget elementor-widget-image\" data-id=\"d328860\" data-element_type=\"widget\" data-widget_type=\"image.default\">\n\t\t\t\t\t\t\t\t\t\t\t\t\t\t\t<img decoding=\"async\" width=\"370\" height=\"150\" src=\"https:\/\/selsa.com\/wp-content\/uploads\/2025\/08\/sek2.jpg\" class=\"attachment-large size-large wp-image-1941\" alt=\"\" srcset=\"https:\/\/selsa.com\/wp-content\/uploads\/2025\/08\/sek2.jpg 370w, https:\/\/selsa.com\/wp-content\/uploads\/2025\/08\/sek2-300x122.jpg 300w\" sizes=\"(max-width: 370px) 100vw, 370px\" \/>\t\t\t\t\t\t\t\t\t\t\t\t\t\t\t<\/div>\n\t\t\t\t<div class=\"elementor-element elementor-element-da22380 elementor-widget elementor-widget-image\" data-id=\"da22380\" data-element_type=\"widget\" data-widget_type=\"image.default\">\n\t\t\t\t\t\t\t\t\t\t\t\t\t\t\t<img loading=\"lazy\" decoding=\"async\" width=\"370\" height=\"150\" src=\"https:\/\/selsa.com\/wp-content\/uploads\/2025\/08\/sek3.jpg\" class=\"attachment-large size-large wp-image-1942\" alt=\"\" srcset=\"https:\/\/selsa.com\/wp-content\/uploads\/2025\/08\/sek3.jpg 370w, https:\/\/selsa.com\/wp-content\/uploads\/2025\/08\/sek3-300x122.jpg 300w\" sizes=\"(max-width: 370px) 100vw, 370px\" \/>\t\t\t\t\t\t\t\t\t\t\t\t\t\t\t<\/div>\n\t\t\t\t<div class=\"elementor-element elementor-element-be15fc0 elementor-widget elementor-widget-image\" data-id=\"be15fc0\" data-element_type=\"widget\" data-widget_type=\"image.default\">\n\t\t\t\t\t\t\t\t\t\t\t\t\t\t\t<img loading=\"lazy\" decoding=\"async\" width=\"370\" height=\"150\" src=\"https:\/\/selsa.com\/wp-content\/uploads\/2025\/08\/sek4.jpg\" class=\"attachment-large size-large wp-image-1943\" alt=\"\" srcset=\"https:\/\/selsa.com\/wp-content\/uploads\/2025\/08\/sek4.jpg 370w, https:\/\/selsa.com\/wp-content\/uploads\/2025\/08\/sek4-300x122.jpg 300w\" sizes=\"(max-width: 370px) 100vw, 370px\" \/>\t\t\t\t\t\t\t\t\t\t\t\t\t\t\t<\/div>\n\t\t\t\t<div class=\"elementor-element elementor-element-3c39f87 elementor-widget elementor-widget-image\" data-id=\"3c39f87\" data-element_type=\"widget\" data-widget_type=\"image.default\">\n\t\t\t\t\t\t\t\t\t\t\t\t\t\t\t<img loading=\"lazy\" decoding=\"async\" width=\"370\" height=\"150\" src=\"https:\/\/selsa.com\/wp-content\/uploads\/2025\/08\/sek5.jpg\" class=\"attachment-large size-large wp-image-1945\" alt=\"\" srcset=\"https:\/\/selsa.com\/wp-content\/uploads\/2025\/08\/sek5.jpg 370w, https:\/\/selsa.com\/wp-content\/uploads\/2025\/08\/sek5-300x122.jpg 300w\" sizes=\"(max-width: 370px) 100vw, 370px\" \/>\t\t\t\t\t\t\t\t\t\t\t\t\t\t\t<\/div>\n\t\t\t\t<div class=\"elementor-element elementor-element-c637c98 elementor-widget elementor-widget-image\" data-id=\"c637c98\" data-element_type=\"widget\" data-widget_type=\"image.default\">\n\t\t\t\t\t\t\t\t\t\t\t\t\t\t\t<img loading=\"lazy\" decoding=\"async\" width=\"652\" height=\"220\" src=\"https:\/\/selsa.com\/wp-content\/uploads\/2025\/08\/sek6.jpg\" class=\"attachment-large size-large wp-image-1946\" alt=\"\" srcset=\"https:\/\/selsa.com\/wp-content\/uploads\/2025\/08\/sek6.jpg 652w, https:\/\/selsa.com\/wp-content\/uploads\/2025\/08\/sek6-300x101.jpg 300w\" sizes=\"(max-width: 652px) 100vw, 652px\" \/>\t\t\t\t\t\t\t\t\t\t\t\t\t\t\t<\/div>\n\t\t\t\t<div class=\"elementor-element elementor-element-88055a8 elementor-widget elementor-widget-image\" data-id=\"88055a8\" data-element_type=\"widget\" data-widget_type=\"image.default\">\n\t\t\t\t\t\t\t\t\t\t\t\t\t\t\t<img loading=\"lazy\" decoding=\"async\" width=\"370\" height=\"150\" src=\"https:\/\/selsa.com\/wp-content\/uploads\/2025\/08\/sek7.jpg\" class=\"attachment-large size-large wp-image-1947\" alt=\"\" srcset=\"https:\/\/selsa.com\/wp-content\/uploads\/2025\/08\/sek7.jpg 370w, https:\/\/selsa.com\/wp-content\/uploads\/2025\/08\/sek7-300x122.jpg 300w\" sizes=\"(max-width: 370px) 100vw, 370px\" \/>\t\t\t\t\t\t\t\t\t\t\t\t\t\t\t<\/div>\n\t\t\t\t<div class=\"elementor-element elementor-element-f4019e2 elementor-widget elementor-widget-image\" data-id=\"f4019e2\" data-element_type=\"widget\" data-widget_type=\"image.default\">\n\t\t\t\t\t\t\t\t\t\t\t\t\t\t\t<img loading=\"lazy\" decoding=\"async\" width=\"370\" height=\"150\" src=\"https:\/\/selsa.com\/wp-content\/uploads\/2025\/08\/sek8.jpg\" class=\"attachment-large size-large wp-image-1948\" alt=\"\" srcset=\"https:\/\/selsa.com\/wp-content\/uploads\/2025\/08\/sek8.jpg 370w, https:\/\/selsa.com\/wp-content\/uploads\/2025\/08\/sek8-300x122.jpg 300w\" sizes=\"(max-width: 370px) 100vw, 370px\" \/>\t\t\t\t\t\t\t\t\t\t\t\t\t\t\t<\/div>\n\t\t\t\t\t<\/div>\n\t\t\t\t<\/div>\n\t\t\t\t<\/div>\n\t\t","protected":false},"excerpt":{"rendered":"<p>GEGENSEITIGES VERTRAUEN IST WICHTIGER ALS UNTERSCHRIFTEN Es ist f\u00fcr uns \u00e4u\u00dferst wichtig, dass jeder, dessen Weg sich mit unserem kreuzt, sich w\u00e4hrend unserer Zusammenarbeit gl\u00fccklich f\u00fchlt, die Arbeit genie\u00dft und sich darauf freut, die Arbeit mit uns fortzusetzen. Jede neu beginnende Beziehung ist unbegrenzter Zeitraum; wir glauben daran und wollen deshalb bleibende Spuren hinterlassen, die [&hellip;]<\/p>\n","protected":false},"author":1,"featured_media":0,"parent":0,"menu_order":0,"comment_status":"closed","ping_status":"closed","template":"","meta":{"footnotes":""},"class_list":["post-1940","page","type-page","status-publish","hentry"],"_links":{"self":[{"href":"https:\/\/selsa.com\/de\/wp-json\/wp\/v2\/pages\/1940","targetHints":{"allow":["GET"]}}],"collection":[{"href":"https:\/\/selsa.com\/de\/wp-json\/wp\/v2\/pages"}],"about":[{"href":"https:\/\/selsa.com\/de\/wp-json\/wp\/v2\/types\/page"}],"author":[{"embeddable":true,"href":"https:\/\/selsa.com\/de\/wp-json\/wp\/v2\/users\/1"}],"replies":[{"embeddable":true,"href":"https:\/\/selsa.com\/de\/wp-json\/wp\/v2\/comments?post=1940"}],"version-history":[{"count":2,"href":"https:\/\/selsa.com\/de\/wp-json\/wp\/v2\/pages\/1940\/revisions"}],"predecessor-version":[{"id":2430,"href":"https:\/\/selsa.com\/de\/wp-json\/wp\/v2\/pages\/1940\/revisions\/2430"}],"wp:attachment":[{"href":"https:\/\/selsa.com\/de\/wp-json\/wp\/v2\/media?parent=1940"}],"curies":[{"name":"wp","href":"https:\/\/api.w.org\/{rel}","templated":true}]}}