{"id":1982,"date":"2025-08-02T00:31:13","date_gmt":"2025-08-02T00:31:13","guid":{"rendered":"https:\/\/seyyarservis.com\/selsa\/vision-mission\/"},"modified":"2025-09-05T13:07:30","modified_gmt":"2025-09-05T13:07:30","slug":"vision-mission","status":"publish","type":"page","link":"https:\/\/selsa.com\/de\/vision-mission\/","title":{"rendered":"VISION-MISSION"},"content":{"rendered":"\t\t<div data-elementor-type=\"wp-page\" data-elementor-id=\"1982\" class=\"elementor elementor-1982 elementor-144\" data-elementor-post-type=\"page\">\n\t\t\t\t<div class=\"elementor-element elementor-element-5d8177b e-con-full sayfa-brd e-flex e-con e-parent\" data-id=\"5d8177b\" data-element_type=\"container\" data-settings=\"{&quot;background_background&quot;:&quot;classic&quot;}\">\n\t\t<div class=\"elementor-element elementor-element-b8dc1e8 e-con-full e-flex e-con e-child\" data-id=\"b8dc1e8\" data-element_type=\"container\">\n\t\t\t\t<div class=\"elementor-element elementor-element-142eedd elementor-widget__width-initial elementor-widget-tablet__width-initial elementor-widget-mobile__width-initial elementor-widget elementor-widget-text-editor\" data-id=\"142eedd\" data-element_type=\"widget\" data-widget_type=\"text-editor.default\">\n\t\t\t\t\t\t\t\t\t<p>Unseren Erfolg Verdanken Wir Unserer Vision<\/p>\t\t\t\t\t\t\t\t<\/div>\n\t\t\t\t<\/div>\n\t\t\t\t<\/div>\n\t\t<div class=\"elementor-element elementor-element-40e8a1c e-con-full e-flex e-con e-parent\" data-id=\"40e8a1c\" data-element_type=\"container\">\n\t\t\t\t<div class=\"elementor-element elementor-element-489f482 elementor-widget elementor-widget-heading\" data-id=\"489f482\" data-element_type=\"widget\" data-widget_type=\"heading.default\">\n\t\t\t\t\t<h2 class=\"elementor-heading-title elementor-size-default\">VISION<\/h2>\t\t\t\t<\/div>\n\t\t\t\t<div class=\"elementor-element elementor-element-af0f4f4 elementor-widget__width-initial elementor-widget elementor-widget-text-editor\" data-id=\"af0f4f4\" data-element_type=\"widget\" data-widget_type=\"text-editor.default\">\n\t\t\t\t\t\t\t\t\tWir sind ein anerkanntes Unternehmen im Zerspanungssektor, dass f\u00fcr Pr\u00e4zision und Qualit\u00e4t steht. Mit unserer langj\u00e4hrigen Erfahrung und der Hightech-Technologie entwickeln wir endverbraucherspezifische Produkte.\n\n\t\t\t\t\t\t\t\t<\/div>\n\t\t\t\t<\/div>\n\t\t<div class=\"elementor-element elementor-element-67e25b2 e-con-full e-flex e-con e-parent\" data-id=\"67e25b2\" data-element_type=\"container\">\n\t\t\t\t<div class=\"elementor-element elementor-element-fe846e2 elementor-widget elementor-widget-heading\" data-id=\"fe846e2\" data-element_type=\"widget\" data-widget_type=\"heading.default\">\n\t\t\t\t\t<h2 class=\"elementor-heading-title elementor-size-default\">MISSION<\/h2>\t\t\t\t<\/div>\n\t\t\t\t<div class=\"elementor-element elementor-element-ea5fcce elementor-widget__width-initial elementor-widget elementor-widget-text-editor\" data-id=\"ea5fcce\" data-element_type=\"widget\" data-widget_type=\"text-editor.default\">\n\t\t\t\t\t\t\t\t\t<ul><li>Mit intelligenter Fertigung und innovativer Perspektive nachhaltiges Wachstum zu gew\u00e4hrleisten.<\/li><li>Eine dynamische, flexible und hochqualitative Organisationsstruktur aufzubauen.<\/li><li>Unsere Verantwortung in Bezug auf Umwelt, Arbeitssicherheit und Herstellung entsprechend der gesetzlichen Anforderungen auf h\u00f6chstem Niveau zu erf\u00fcllen.<\/li><li>Eine vertrauensvolle Basis f\u00fcr unsere Kunden und Mitarbeiter zu schaffen.<\/li><li>Um unseren Kunden und Mitarbeitern Vertrauen zu geben.<\/li><\/ul>\t\t\t\t\t\t\t\t<\/div>\n\t\t\t\t<\/div>\n\t\t<div class=\"elementor-element elementor-element-659bcc6 e-grid e-con-boxed e-con e-parent\" data-id=\"659bcc6\" data-element_type=\"container\">\n\t\t\t\t\t<div class=\"e-con-inner\">\n\t\t\t\t<div class=\"elementor-element elementor-element-da22380 elementor-widget elementor-widget-image\" data-id=\"da22380\" data-element_type=\"widget\" data-widget_type=\"image.default\">\n\t\t\t\t\t\t\t\t\t\t\t\t\t\t\t<img fetchpriority=\"high\" decoding=\"async\" width=\"800\" height=\"547\" src=\"https:\/\/selsa.com\/wp-content\/uploads\/2025\/08\/big_galeri_sayfa_168-1024x700.jpg\" class=\"attachment-large size-large wp-image-1984\" alt=\"\" srcset=\"https:\/\/selsa.com\/wp-content\/uploads\/2025\/08\/big_galeri_sayfa_168-1024x700.jpg 1024w, https:\/\/selsa.com\/wp-content\/uploads\/2025\/08\/big_galeri_sayfa_168-300x205.jpg 300w, https:\/\/selsa.com\/wp-content\/uploads\/2025\/08\/big_galeri_sayfa_168-768x525.jpg 768w, https:\/\/selsa.com\/wp-content\/uploads\/2025\/08\/big_galeri_sayfa_168.jpg 1480w\" sizes=\"(max-width: 800px) 100vw, 800px\" \/>\t\t\t\t\t\t\t\t\t\t\t\t\t\t\t<\/div>\n\t\t\t\t<div class=\"elementor-element elementor-element-9d49130 elementor-widget elementor-widget-image\" data-id=\"9d49130\" data-element_type=\"widget\" data-widget_type=\"image.default\">\n\t\t\t\t\t\t\t\t\t\t\t\t\t\t\t<img decoding=\"async\" width=\"800\" height=\"547\" src=\"https:\/\/selsa.com\/wp-content\/uploads\/2025\/08\/big_galeri_sayfa_172-1024x700.jpg\" class=\"attachment-large size-large wp-image-1985\" alt=\"\" srcset=\"https:\/\/selsa.com\/wp-content\/uploads\/2025\/08\/big_galeri_sayfa_172-1024x700.jpg 1024w, https:\/\/selsa.com\/wp-content\/uploads\/2025\/08\/big_galeri_sayfa_172-300x205.jpg 300w, https:\/\/selsa.com\/wp-content\/uploads\/2025\/08\/big_galeri_sayfa_172-768x525.jpg 768w, https:\/\/selsa.com\/wp-content\/uploads\/2025\/08\/big_galeri_sayfa_172.jpg 1480w\" sizes=\"(max-width: 800px) 100vw, 800px\" \/>\t\t\t\t\t\t\t\t\t\t\t\t\t\t\t<\/div>\n\t\t\t\t<div class=\"elementor-element elementor-element-d328860 elementor-widget elementor-widget-image\" data-id=\"d328860\" data-element_type=\"widget\" data-widget_type=\"image.default\">\n\t\t\t\t\t\t\t\t\t\t\t\t\t\t\t<img decoding=\"async\" width=\"800\" height=\"547\" src=\"https:\/\/selsa.com\/wp-content\/uploads\/2025\/08\/big_galeri_sayfa_173-1024x700.jpg\" class=\"attachment-large size-large wp-image-1986\" alt=\"\" srcset=\"https:\/\/selsa.com\/wp-content\/uploads\/2025\/08\/big_galeri_sayfa_173-1024x700.jpg 1024w, https:\/\/selsa.com\/wp-content\/uploads\/2025\/08\/big_galeri_sayfa_173-300x205.jpg 300w, https:\/\/selsa.com\/wp-content\/uploads\/2025\/08\/big_galeri_sayfa_173-768x525.jpg 768w, https:\/\/selsa.com\/wp-content\/uploads\/2025\/08\/big_galeri_sayfa_173.jpg 1480w\" sizes=\"(max-width: 800px) 100vw, 800px\" \/>\t\t\t\t\t\t\t\t\t\t\t\t\t\t\t<\/div>\n\t\t\t\t<div class=\"elementor-element elementor-element-be15fc0 elementor-widget elementor-widget-image\" data-id=\"be15fc0\" data-element_type=\"widget\" data-widget_type=\"image.default\">\n\t\t\t\t\t\t\t\t\t\t\t\t\t\t\t<img loading=\"lazy\" decoding=\"async\" width=\"800\" height=\"547\" src=\"https:\/\/selsa.com\/wp-content\/uploads\/2025\/08\/big_galeri_sayfa_174-1024x700.jpg\" class=\"attachment-large size-large wp-image-1987\" alt=\"\" srcset=\"https:\/\/selsa.com\/wp-content\/uploads\/2025\/08\/big_galeri_sayfa_174-1024x700.jpg 1024w, https:\/\/selsa.com\/wp-content\/uploads\/2025\/08\/big_galeri_sayfa_174-300x205.jpg 300w, https:\/\/selsa.com\/wp-content\/uploads\/2025\/08\/big_galeri_sayfa_174-768x525.jpg 768w, https:\/\/selsa.com\/wp-content\/uploads\/2025\/08\/big_galeri_sayfa_174.jpg 1480w\" sizes=\"(max-width: 800px) 100vw, 800px\" \/>\t\t\t\t\t\t\t\t\t\t\t\t\t\t\t<\/div>\n\t\t\t\t\t<\/div>\n\t\t\t\t<\/div>\n\t\t\t\t<\/div>\n\t\t","protected":false},"excerpt":{"rendered":"<p>Unseren Erfolg Verdanken Wir Unserer Vision VISION Wir sind ein anerkanntes Unternehmen im Zerspanungssektor, dass f\u00fcr Pr\u00e4zision und Qualit\u00e4t steht. Mit unserer langj\u00e4hrigen Erfahrung und der Hightech-Technologie entwickeln wir endverbraucherspezifische Produkte. MISSION Mit intelligenter Fertigung und innovativer Perspektive nachhaltiges Wachstum zu gew\u00e4hrleisten. Eine dynamische, flexible und hochqualitative Organisationsstruktur aufzubauen. Unsere Verantwortung in Bezug auf Umwelt, [&hellip;]<\/p>\n","protected":false},"author":1,"featured_media":0,"parent":0,"menu_order":0,"comment_status":"closed","ping_status":"closed","template":"","meta":{"footnotes":""},"class_list":["post-1982","page","type-page","status-publish","hentry"],"_links":{"self":[{"href":"https:\/\/selsa.com\/de\/wp-json\/wp\/v2\/pages\/1982","targetHints":{"allow":["GET"]}}],"collection":[{"href":"https:\/\/selsa.com\/de\/wp-json\/wp\/v2\/pages"}],"about":[{"href":"https:\/\/selsa.com\/de\/wp-json\/wp\/v2\/types\/page"}],"author":[{"embeddable":true,"href":"https:\/\/selsa.com\/de\/wp-json\/wp\/v2\/users\/1"}],"replies":[{"embeddable":true,"href":"https:\/\/selsa.com\/de\/wp-json\/wp\/v2\/comments?post=1982"}],"version-history":[{"count":2,"href":"https:\/\/selsa.com\/de\/wp-json\/wp\/v2\/pages\/1982\/revisions"}],"predecessor-version":[{"id":2445,"href":"https:\/\/selsa.com\/de\/wp-json\/wp\/v2\/pages\/1982\/revisions\/2445"}],"wp:attachment":[{"href":"https:\/\/selsa.com\/de\/wp-json\/wp\/v2\/media?parent=1982"}],"curies":[{"name":"wp","href":"https:\/\/api.w.org\/{rel}","templated":true}]}}