{"id":2103,"date":"2025-08-02T00:17:13","date_gmt":"2025-08-02T00:17:13","guid":{"rendered":"https:\/\/seyyarservis.com\/selsa\/geschichte\/"},"modified":"2025-12-25T12:17:53","modified_gmt":"2025-12-25T12:17:53","slug":"geschichte","status":"publish","type":"page","link":"https:\/\/selsa.com\/de\/geschichte\/","title":{"rendered":"Geschichte"},"content":{"rendered":"\t\t<div data-elementor-type=\"wp-page\" data-elementor-id=\"2103\" class=\"elementor elementor-2103 elementor-132\" data-elementor-post-type=\"page\">\n\t\t\t\t<div class=\"elementor-element elementor-element-5d8177b e-con-full sayfa-brd e-flex e-con e-parent\" data-id=\"5d8177b\" data-element_type=\"container\" data-settings=\"{&quot;background_background&quot;:&quot;classic&quot;}\">\n\t\t<div class=\"elementor-element elementor-element-28e2aeb e-con-full e-flex e-con e-child\" data-id=\"28e2aeb\" data-element_type=\"container\">\n\t\t\t\t<div class=\"elementor-element elementor-element-1c8f2ed elementor-widget__width-initial elementor-widget-tablet__width-initial elementor-widget-mobile__width-initial elementor-widget elementor-widget-text-editor\" data-id=\"1c8f2ed\" data-element_type=\"widget\" data-widget_type=\"text-editor.default\">\n\t\t\t\t\t\t\t\t\t<p>Tr\u00e4ume Werden Wahr<\/p>\t\t\t\t\t\t\t\t<\/div>\n\t\t\t\t<\/div>\n\t\t\t\t<\/div>\n\t\t<div class=\"elementor-element elementor-element-c0feaab e-con-full e-flex e-con e-parent\" data-id=\"c0feaab\" data-element_type=\"container\">\n\t\t\t\t<div class=\"elementor-element elementor-element-25aa96f elementor-widget elementor-widget-html\" data-id=\"25aa96f\" data-element_type=\"widget\" data-widget_type=\"html.default\">\n\t\t\t\t\t<section class=\"main\">\r\n    <div class=\"container-1 icerikVideo\">\r\n        <div class=\"col-md-12\">\r\n                    <\/div>\r\n    <\/div>\r\n\r\n    <div class=\"icerik\" style=\"text-align:center;width:100%;overflow:hidden;display:block;position:relative;padding: 0px !important;\"> \r\n                <div class=\"tarih\">\r\n                            <div class=\"tarih_content \" style=\"background-image: url(https:\/\/selsa.com\/pics\/tarihce\/tarihce_1.png);\">\r\n                    <h2>1992<\/h2>\r\n                    <span>Gr\u00fcndung durch Selami Dizdar mit dem Ziel der Herstellung von Sondermaschinen.<\/span>\r\n                    <div class=\"tarih_dot\"><div><\/div><\/div>\r\n                <\/div>\r\n                            <div class=\"tarih_content rg\" style=\"background-image: url(https:\/\/selsa.com\/pics\/tarihce\/tarihce_2.png);\">\r\n                    <h2>1994<\/h2>\r\n                    <span>Erste Zusammenarbeit mit Fa. Bosch =&gt; Fertigung von Diesel-Komponenten.<\/span>\r\n                    <div class=\"tarih_dot\"><div><\/div><\/div>\r\n                <\/div>\r\n                            <div class=\"tarih_content \" style=\"background-image: url(https:\/\/selsa.com\/pics\/tarihce\/tarihce_3.png);\">\r\n                    <h2>1998<\/h2>\r\n                    <span>Anfang der Serienproduktion von Einzelteilen f\u00fcr Diesel-Injektoren \/ Mitarbeiterzahl: 18 <\/span>\r\n                    <div class=\"tarih_dot\"><div><\/div><\/div>\r\n                <\/div>\r\n                            <div class=\"tarih_content rg\" style=\"background-image: url(https:\/\/selsa.com\/pics\/tarihce\/tarihce_4.png);\">\r\n                    <h2>2000<\/h2>\r\n                    <span>Erster Export.<\/span>\r\n                    <div class=\"tarih_dot\"><div><\/div><\/div>\r\n                <\/div>\r\n                            <div class=\"tarih_content \" style=\"background-image: url(https:\/\/selsa.com\/pics\/tarihce\/tarihce_5.png);\">\r\n                    <h2>2001<\/h2>\r\n                    <span>Umzug, 1500 m\u00b2 geschlossene Fl\u00e4che.<\/span>\r\n                    <div class=\"tarih_dot\"><div><\/div><\/div>\r\n                <\/div>\r\n                            <div class=\"tarih_content rg\" style=\"background-image: url(https:\/\/selsa.com\/pics\/tarihce\/tarihce_6.png);\">\r\n                    <h2>2002<\/h2>\r\n                    <span>Yeni proje ba\u015flang\u0131c\u0131. \/ \u00c7al\u0131\u015fan say\u0131s\u0131: 60  <\/span>\r\n                    <div class=\"tarih_dot\"><div><\/div><\/div>\r\n                <\/div>\r\n                            <div class=\"tarih_content \" style=\"background-image: url(https:\/\/selsa.com\/pics\/tarihce\/tarihce_7.png);\">\r\n                    <h2>2005<\/h2>\r\n                    <span>Umzug =&gt; Total 4750 m\u00b2 geschlossene Fl\u00e4che \/ Erste Zusammenarbeit mit Magneti Marelli \/ Mitarbeiterzahl: 125<\/span>\r\n                    <div class=\"tarih_dot\"><div><\/div><\/div>\r\n                <\/div>\r\n                            <div class=\"tarih_content rg\" style=\"background-image: url(https:\/\/selsa.com\/pics\/tarihce\/tarihce_8.png);\">\r\n                    <h2>2008<\/h2>\r\n                    <span>Beginn von weiteren Serienprodukten inklusiv Montage.<\/span>\r\n                    <div class=\"tarih_dot\"><div><\/div><\/div>\r\n                <\/div>\r\n                            <div class=\"tarih_content \" style=\"background-image: url(https:\/\/selsa.com\/pics\/tarihce\/tarihce_9.png);\">\r\n                    <h2>2013<\/h2>\r\n                    <span>Beginn der Serienproduktion von Komponenten f\u00fcr die Hydraulik Industrie.<\/span>\r\n                    <div class=\"tarih_dot\"><div><\/div><\/div>\r\n                <\/div>\r\n                            <div class=\"tarih_content rg\" style=\"background-image: url(https:\/\/selsa.com\/pics\/tarihce\/tarihce_10.png);\">\r\n                    <h2>2014<\/h2>\r\n                    <span>Beginn der Serienproduktion f\u00fcr Gasoline Injektoren.<\/span>\r\n                    <div class=\"tarih_dot\"><div><\/div><\/div>\r\n                <\/div>\r\n                            <div class=\"tarih_content \" style=\"background-image: url(https:\/\/selsa.com\/pics\/tarihce\/tarihce_11.png);\">\r\n                    <h2>2016<\/h2>\r\n                    <span>Beginn der Fertigung von Komponenten f\u00fcr Hydraulikpumpen.<\/span>\r\n                    <div class=\"tarih_dot\"><div><\/div><\/div>\r\n                <\/div>\r\n                            <div class=\"tarih_content rg\" style=\"background-image: url(https:\/\/selsa.com\/pics\/tarihce\/tarihce_12.gif);\">\r\n                    <h2>2018<\/h2>\r\n                    <span>Ernennung zum Forschungs- und Entwicklungszentrum \/ Beginn der Zusammenarbeit mit den Unternehmen Power Packer und SFB \/ Mitarbeiterzahl: 250  <\/span>\r\n                    <div class=\"tarih_dot\"><div><\/div><\/div>\r\n                <\/div>\r\n                            <div class=\"tarih_content \" style=\"background-image: url(https:\/\/selsa.com\/pics\/tarihce\/tarihce_13.png);\">\r\n                    <h2>2019<\/h2>\r\n                    <span>Erste Kooperation mit HYDAC<\/span>\r\n                    <div class=\"tarih_dot\"><div><\/div><\/div>\r\n                <\/div>\r\n                            <div class=\"tarih_content rg\" style=\"background-image: url(pics\/tarihce\/tarihce_15.png);\">\r\n                    <h2>2020<\/h2>\r\n                    <span>Beginn der Serienproduktion von Aluminum Rohren.<\/span>\r\n                    <div class=\"tarih_dot\"><div><\/div><\/div>\r\n                <\/div>\r\n                            <div class=\"tarih_content \" style=\"background-image: url(phttps:\/\/selsa.com\/ics\/tarihce\/tarihce_16.png);\">\r\n                    <h2>2021<\/h2>\r\n                    <span>Umzug =&gt; total 7250 m\u00b2 geschlossene Fl\u00e4che \/ Beginn der Serienproduktion von Steuerwellen \/ Mitarbeiterzahl: 272 <\/span>\r\n                    <div class=\"tarih_dot\"><div><\/div><\/div>\r\n                <\/div>\r\n                            <div class=\"tarih_content rg\" style=\"background-image: url(https:\/\/selsa.com\/pics\/tarihce\/tarihce_17.png);\">\r\n                    <h2>2023<\/h2>\r\n                    <span>Gr\u00fcndung der Firma Selsa Makina<\/span>\r\n                    <div class=\"tarih_dot\"><div><\/div><\/div>\r\n                <\/div>\r\n                    <\/div>\r\n    <\/div>\r\n<\/section>\t\t\t\t<\/div>\n\t\t\t\t<\/div>\n\t\t\t\t<\/div>\n\t\t","protected":false},"excerpt":{"rendered":"<p>Tr\u00e4ume Werden Wahr 1992 Gr\u00fcndung durch Selami Dizdar mit dem Ziel der Herstellung von Sondermaschinen. 1994 Erste Zusammenarbeit mit Fa. Bosch =&gt; Fertigung von Diesel-Komponenten. 1998 Anfang der Serienproduktion von Einzelteilen f\u00fcr Diesel-Injektoren \/ Mitarbeiterzahl: 18 2000 Erster Export. 2001 Umzug, 1500 m\u00b2 geschlossene Fl\u00e4che. 2002 Yeni proje ba\u015flang\u0131c\u0131. \/ \u00c7al\u0131\u015fan say\u0131s\u0131: 60 2005 Umzug [&hellip;]<\/p>\n","protected":false},"author":1,"featured_media":0,"parent":0,"menu_order":0,"comment_status":"closed","ping_status":"closed","template":"","meta":{"footnotes":""},"class_list":["post-2103","page","type-page","status-publish","hentry"],"_links":{"self":[{"href":"https:\/\/selsa.com\/de\/wp-json\/wp\/v2\/pages\/2103","targetHints":{"allow":["GET"]}}],"collection":[{"href":"https:\/\/selsa.com\/de\/wp-json\/wp\/v2\/pages"}],"about":[{"href":"https:\/\/selsa.com\/de\/wp-json\/wp\/v2\/types\/page"}],"author":[{"embeddable":true,"href":"https:\/\/selsa.com\/de\/wp-json\/wp\/v2\/users\/1"}],"replies":[{"embeddable":true,"href":"https:\/\/selsa.com\/de\/wp-json\/wp\/v2\/comments?post=2103"}],"version-history":[{"count":2,"href":"https:\/\/selsa.com\/de\/wp-json\/wp\/v2\/pages\/2103\/revisions"}],"predecessor-version":[{"id":2440,"href":"https:\/\/selsa.com\/de\/wp-json\/wp\/v2\/pages\/2103\/revisions\/2440"}],"wp:attachment":[{"href":"https:\/\/selsa.com\/de\/wp-json\/wp\/v2\/media?parent=2103"}],"curies":[{"name":"wp","href":"https:\/\/api.w.org\/{rel}","templated":true}]}}