{"id":2113,"date":"2025-08-02T13:10:26","date_gmt":"2025-08-02T13:10:26","guid":{"rendered":"https:\/\/seyyarservis.com\/selsa\/presse\/"},"modified":"2025-12-25T12:17:54","modified_gmt":"2025-12-25T12:17:54","slug":"presse","status":"publish","type":"page","link":"https:\/\/selsa.com\/de\/presse\/","title":{"rendered":"PRESSE"},"content":{"rendered":"\t\t<div data-elementor-type=\"wp-page\" data-elementor-id=\"2113\" class=\"elementor elementor-2113 elementor-365\" data-elementor-post-type=\"page\">\n\t\t\t\t<div class=\"elementor-element elementor-element-1a72b53d e-con-full sayfa-brd e-flex e-con e-parent\" data-id=\"1a72b53d\" data-element_type=\"container\" data-settings=\"{&quot;background_background&quot;:&quot;classic&quot;}\">\n\t\t<div class=\"elementor-element elementor-element-2bc49dda e-con-full e-flex e-con e-child\" data-id=\"2bc49dda\" data-element_type=\"container\">\n\t\t\t\t<div class=\"elementor-element elementor-element-4fb44c36 elementor-widget__width-initial elementor-widget-tablet__width-initial elementor-widget-mobile__width-initial elementor-widget elementor-widget-text-editor\" data-id=\"4fb44c36\" data-element_type=\"widget\" data-widget_type=\"text-editor.default\">\n\t\t\t\t\t\t\t\t\t<p>Wir In Der Presse<\/p>\t\t\t\t\t\t\t\t<\/div>\n\t\t\t\t<\/div>\n\t\t\t\t<\/div>\n\t\t<div class=\"elementor-element elementor-element-4bae84f8 e-grid e-con-full e-con e-parent\" data-id=\"4bae84f8\" data-element_type=\"container\">\n\t\t<div class=\"elementor-element elementor-element-73221c90 e-con-full e-flex e-con e-child\" data-id=\"73221c90\" data-element_type=\"container\">\n\t\t\t\t<div class=\"elementor-element elementor-element-2d97b62a elementor-widget elementor-widget-image\" data-id=\"2d97b62a\" data-element_type=\"widget\" data-widget_type=\"image.default\">\n\t\t\t\t\t\t\t\t\t\t\t\t\t\t\t<img fetchpriority=\"high\" decoding=\"async\" width=\"800\" height=\"577\" src=\"https:\/\/selsa.com\/wp-content\/uploads\/2025\/08\/bas1-1-1024x739.jpg\" class=\"attachment-large size-large wp-image-1410\" alt=\"\" srcset=\"https:\/\/selsa.com\/wp-content\/uploads\/2025\/08\/bas1-1-1024x739.jpg 1024w, https:\/\/selsa.com\/wp-content\/uploads\/2025\/08\/bas1-1-300x216.jpg 300w, https:\/\/selsa.com\/wp-content\/uploads\/2025\/08\/bas1-1-768x554.jpg 768w, https:\/\/selsa.com\/wp-content\/uploads\/2025\/08\/bas1-1-1536x1108.jpg 1536w, https:\/\/selsa.com\/wp-content\/uploads\/2025\/08\/bas1-1-2048x1478.jpg 2048w\" sizes=\"(max-width: 800px) 100vw, 800px\" \/>\t\t\t\t\t\t\t\t\t\t\t\t\t\t\t<\/div>\n\t\t<div class=\"elementor-element elementor-element-457c2a5e e-con-full e-flex e-con e-child\" data-id=\"457c2a5e\" data-element_type=\"container\">\n\t\t\t\t<div class=\"elementor-element elementor-element-6e7b7b0e elementor-widget-mobile__width-initial elementor-widget elementor-widget-heading\" data-id=\"6e7b7b0e\" data-element_type=\"widget\" data-widget_type=\"heading.default\">\n\t\t\t\t\t<h2 class=\"elementor-heading-title elementor-size-default\">SELSA stellt die Fertigung auf Elektrofahrzeuge um<\/h2>\t\t\t\t<\/div>\n\t\t\t\t<div class=\"elementor-element elementor-element-1618c5ad elementor-widget__width-initial elementor-hidden-mobile elementor-view-default elementor-widget elementor-widget-icon\" data-id=\"1618c5ad\" data-element_type=\"widget\" data-widget_type=\"icon.default\">\n\t\t\t\t\t\t\t<div class=\"elementor-icon-wrapper\">\n\t\t\t<div class=\"elementor-icon\">\n\t\t\t<svg xmlns=\"http:\/\/www.w3.org\/2000\/svg\" xmlns:xlink=\"http:\/\/www.w3.org\/1999\/xlink\" id=\"Capa_1\" x=\"0px\" y=\"0px\" viewBox=\"0 0 42 42\" fill=\"#738fba\" xml:space=\"preserve\"><polygon points=\"42,20 22,20 22,0 20,0 20,20 0,20 0,22 20,22 20,42 22,42 22,22 42,22 \"><\/polygon><g><\/g><g><\/g><g><\/g><g><\/g><g><\/g><g><\/g><g><\/g><g><\/g><g><\/g><g><\/g><g><\/g><g><\/g><g><\/g><g><\/g><g><\/g><\/svg>\t\t\t<\/div>\n\t\t<\/div>\n\t\t\t\t\t\t<\/div>\n\t\t\t\t<\/div>\n\t\t\t\t<div class=\"elementor-element elementor-element-65933e72 elementor-widget elementor-widget-text-editor\" data-id=\"65933e72\" data-element_type=\"widget\" data-widget_type=\"text-editor.default\">\n\t\t\t\t\t\t\t\t\t<p>Unsere Anzeige wurde in der Beilage \u201eAutomobilindustrie\u201c der Zeitung D\u00fcnya ver\u00f6ffentlicht.<\/p>\t\t\t\t\t\t\t\t<\/div>\n\t\t\t\t<\/div>\n\t\t<div class=\"elementor-element elementor-element-31e475c e-con-full e-flex e-con e-child\" data-id=\"31e475c\" data-element_type=\"container\">\n\t\t\t\t<div class=\"elementor-element elementor-element-24f7e748 elementor-widget elementor-widget-image\" data-id=\"24f7e748\" data-element_type=\"widget\" data-widget_type=\"image.default\">\n\t\t\t\t\t\t\t\t\t\t\t\t\t\t\t<img decoding=\"async\" width=\"800\" height=\"577\" src=\"https:\/\/selsa.com\/wp-content\/uploads\/2025\/08\/bas2-1-1024x739.jpg\" class=\"attachment-large size-large wp-image-1414\" alt=\"\" srcset=\"https:\/\/selsa.com\/wp-content\/uploads\/2025\/08\/bas2-1-1024x739.jpg 1024w, https:\/\/selsa.com\/wp-content\/uploads\/2025\/08\/bas2-1-300x216.jpg 300w, https:\/\/selsa.com\/wp-content\/uploads\/2025\/08\/bas2-1-768x554.jpg 768w, https:\/\/selsa.com\/wp-content\/uploads\/2025\/08\/bas2-1-1536x1108.jpg 1536w, https:\/\/selsa.com\/wp-content\/uploads\/2025\/08\/bas2-1-2048x1478.jpg 2048w\" sizes=\"(max-width: 800px) 100vw, 800px\" \/>\t\t\t\t\t\t\t\t\t\t\t\t\t\t\t<\/div>\n\t\t<div class=\"elementor-element elementor-element-4d2d7071 e-con-full e-flex e-con e-child\" data-id=\"4d2d7071\" data-element_type=\"container\">\n\t\t\t\t<div class=\"elementor-element elementor-element-1de9c774 elementor-widget__width-initial elementor-widget-mobile__width-initial elementor-widget elementor-widget-heading\" data-id=\"1de9c774\" data-element_type=\"widget\" data-widget_type=\"heading.default\">\n\t\t\t\t\t<h2 class=\"elementor-heading-title elementor-size-default\">SELSA wird mit spezieller Produktion zur Marke<\/h2>\t\t\t\t<\/div>\n\t\t\t\t<div class=\"elementor-element elementor-element-10a570e2 elementor-widget__width-initial elementor-hidden-mobile elementor-view-default elementor-widget elementor-widget-icon\" data-id=\"10a570e2\" data-element_type=\"widget\" data-widget_type=\"icon.default\">\n\t\t\t\t\t\t\t<div class=\"elementor-icon-wrapper\">\n\t\t\t<div class=\"elementor-icon\">\n\t\t\t<svg xmlns=\"http:\/\/www.w3.org\/2000\/svg\" xmlns:xlink=\"http:\/\/www.w3.org\/1999\/xlink\" id=\"Capa_1\" x=\"0px\" y=\"0px\" viewBox=\"0 0 42 42\" fill=\"#738fba\" xml:space=\"preserve\"><polygon points=\"42,20 22,20 22,0 20,0 20,20 0,20 0,22 20,22 20,42 22,42 22,22 42,22 \"><\/polygon><g><\/g><g><\/g><g><\/g><g><\/g><g><\/g><g><\/g><g><\/g><g><\/g><g><\/g><g><\/g><g><\/g><g><\/g><g><\/g><g><\/g><g><\/g><\/svg>\t\t\t<\/div>\n\t\t<\/div>\n\t\t\t\t\t\t<\/div>\n\t\t\t\t<\/div>\n\t\t\t\t<div class=\"elementor-element elementor-element-7f2f0ed6 elementor-widget elementor-widget-text-editor\" data-id=\"7f2f0ed6\" data-element_type=\"widget\" data-widget_type=\"text-editor.default\">\n\t\t\t\t\t\t\t\t\t<p>Die Zeitung D\u00fcnya hat ein Interview mit unserem General Manager, Herrn Cem Dizdar, gef\u00fchrt.<\/p>\t\t\t\t\t\t\t\t<\/div>\n\t\t\t\t<\/div>\n\t\t<div class=\"elementor-element elementor-element-40c96f11 e-con-full e-flex e-con e-child\" data-id=\"40c96f11\" data-element_type=\"container\">\n\t\t\t\t<div class=\"elementor-element elementor-element-2aa66bc1 elementor-widget elementor-widget-image\" data-id=\"2aa66bc1\" data-element_type=\"widget\" data-widget_type=\"image.default\">\n\t\t\t\t\t\t\t\t\t\t\t\t\t\t\t<img decoding=\"async\" width=\"800\" height=\"577\" src=\"https:\/\/selsa.com\/wp-content\/uploads\/2025\/08\/bas3-1-1024x739.jpg\" class=\"attachment-large size-large wp-image-1416\" alt=\"\" srcset=\"https:\/\/selsa.com\/wp-content\/uploads\/2025\/08\/bas3-1-1024x739.jpg 1024w, https:\/\/selsa.com\/wp-content\/uploads\/2025\/08\/bas3-1-300x216.jpg 300w, https:\/\/selsa.com\/wp-content\/uploads\/2025\/08\/bas3-1-768x554.jpg 768w, https:\/\/selsa.com\/wp-content\/uploads\/2025\/08\/bas3-1-1536x1108.jpg 1536w, https:\/\/selsa.com\/wp-content\/uploads\/2025\/08\/bas3-1-2048x1478.jpg 2048w\" sizes=\"(max-width: 800px) 100vw, 800px\" \/>\t\t\t\t\t\t\t\t\t\t\t\t\t\t\t<\/div>\n\t\t<div class=\"elementor-element elementor-element-48cd741f e-con-full e-flex e-con e-child\" data-id=\"48cd741f\" data-element_type=\"container\">\n\t\t\t\t<div class=\"elementor-element elementor-element-77296a55 elementor-widget-mobile__width-initial elementor-widget elementor-widget-heading\" data-id=\"77296a55\" data-element_type=\"widget\" data-widget_type=\"heading.default\">\n\t\t\t\t\t<h2 class=\"elementor-heading-title elementor-size-default\">Mit F&amp;E-Zentrum unter den ersten 20 % in der T\u00fcrkei<\/h2>\t\t\t\t<\/div>\n\t\t\t\t<div class=\"elementor-element elementor-element-1de667f0 elementor-widget__width-initial elementor-hidden-mobile elementor-view-default elementor-widget elementor-widget-icon\" data-id=\"1de667f0\" data-element_type=\"widget\" data-widget_type=\"icon.default\">\n\t\t\t\t\t\t\t<div class=\"elementor-icon-wrapper\">\n\t\t\t<div class=\"elementor-icon\">\n\t\t\t<svg xmlns=\"http:\/\/www.w3.org\/2000\/svg\" xmlns:xlink=\"http:\/\/www.w3.org\/1999\/xlink\" id=\"Capa_1\" x=\"0px\" y=\"0px\" viewBox=\"0 0 42 42\" fill=\"#738fba\" xml:space=\"preserve\"><polygon points=\"42,20 22,20 22,0 20,0 20,20 0,20 0,22 20,22 20,42 22,42 22,22 42,22 \"><\/polygon><g><\/g><g><\/g><g><\/g><g><\/g><g><\/g><g><\/g><g><\/g><g><\/g><g><\/g><g><\/g><g><\/g><g><\/g><g><\/g><g><\/g><g><\/g><\/svg>\t\t\t<\/div>\n\t\t<\/div>\n\t\t\t\t\t\t<\/div>\n\t\t\t\t<\/div>\n\t\t\t\t<div class=\"elementor-element elementor-element-489e70be elementor-widget elementor-widget-text-editor\" data-id=\"489e70be\" data-element_type=\"widget\" data-widget_type=\"text-editor.default\">\n\t\t\t\t\t\t\t\t\t<p>Unsere Ank\u00fcndigung wurde in der Beilage \u201eSektor, Verteidigungsindustrie\u201c der Zeitung D\u00fcnya ver\u00f6ffentlicht.<\/p>\t\t\t\t\t\t\t\t<\/div>\n\t\t\t\t<\/div>\n\t\t<div class=\"elementor-element elementor-element-5ba97736 e-con-full e-flex e-con e-child\" data-id=\"5ba97736\" data-element_type=\"container\">\n\t\t\t\t<div class=\"elementor-element elementor-element-58608ce0 elementor-widget elementor-widget-image\" data-id=\"58608ce0\" data-element_type=\"widget\" data-widget_type=\"image.default\">\n\t\t\t\t\t\t\t\t\t\t\t\t\t\t\t<img loading=\"lazy\" decoding=\"async\" width=\"800\" height=\"577\" src=\"https:\/\/selsa.com\/wp-content\/uploads\/2025\/08\/bas4-1-1024x739.jpg\" class=\"attachment-large size-large wp-image-1418\" alt=\"\" srcset=\"https:\/\/selsa.com\/wp-content\/uploads\/2025\/08\/bas4-1-1024x739.jpg 1024w, https:\/\/selsa.com\/wp-content\/uploads\/2025\/08\/bas4-1-300x216.jpg 300w, https:\/\/selsa.com\/wp-content\/uploads\/2025\/08\/bas4-1-768x554.jpg 768w, https:\/\/selsa.com\/wp-content\/uploads\/2025\/08\/bas4-1-1536x1108.jpg 1536w, https:\/\/selsa.com\/wp-content\/uploads\/2025\/08\/bas4-1-2048x1478.jpg 2048w\" sizes=\"(max-width: 800px) 100vw, 800px\" \/>\t\t\t\t\t\t\t\t\t\t\t\t\t\t\t<\/div>\n\t\t<div class=\"elementor-element elementor-element-7a0140ff e-con-full e-flex e-con e-child\" data-id=\"7a0140ff\" data-element_type=\"container\">\n\t\t\t\t<div class=\"elementor-element elementor-element-26e1e4d4 elementor-widget-mobile__width-initial elementor-widget elementor-widget-heading\" data-id=\"26e1e4d4\" data-element_type=\"widget\" data-widget_type=\"heading.default\">\n\t\t\t\t\t<h2 class=\"elementor-heading-title elementor-size-default\">T\u00fcrkisch-Deutsche Industrie- und Handelskammer<\/h2>\t\t\t\t<\/div>\n\t\t\t\t<div class=\"elementor-element elementor-element-62b3e30 elementor-widget__width-initial elementor-hidden-mobile elementor-view-default elementor-widget elementor-widget-icon\" data-id=\"62b3e30\" data-element_type=\"widget\" data-widget_type=\"icon.default\">\n\t\t\t\t\t\t\t<div class=\"elementor-icon-wrapper\">\n\t\t\t<div class=\"elementor-icon\">\n\t\t\t<svg xmlns=\"http:\/\/www.w3.org\/2000\/svg\" xmlns:xlink=\"http:\/\/www.w3.org\/1999\/xlink\" id=\"Capa_1\" x=\"0px\" y=\"0px\" viewBox=\"0 0 42 42\" fill=\"#738fba\" xml:space=\"preserve\"><polygon points=\"42,20 22,20 22,0 20,0 20,20 0,20 0,22 20,22 20,42 22,42 22,22 42,22 \"><\/polygon><g><\/g><g><\/g><g><\/g><g><\/g><g><\/g><g><\/g><g><\/g><g><\/g><g><\/g><g><\/g><g><\/g><g><\/g><g><\/g><g><\/g><g><\/g><\/svg>\t\t\t<\/div>\n\t\t<\/div>\n\t\t\t\t\t\t<\/div>\n\t\t\t\t<\/div>\n\t\t\t\t<div class=\"elementor-element elementor-element-194b2e37 elementor-widget elementor-widget-text-editor\" data-id=\"194b2e37\" data-element_type=\"widget\" data-widget_type=\"text-editor.default\">\n\t\t\t\t\t\t\t\t\t<p>Unsere Anzeige wurde in \u201eUnsere Brosch\u00fcre\u201c, der Ver\u00f6ffentlichung der T\u00fcrkisch-Deutschen Industrie- und Handelskammer, ver\u00f6ffentlicht.<\/p>\t\t\t\t\t\t\t\t<\/div>\n\t\t\t\t<\/div>\n\t\t<div class=\"elementor-element elementor-element-7474316a e-con-full e-flex e-con e-child\" data-id=\"7474316a\" data-element_type=\"container\">\n\t\t\t\t<div class=\"elementor-element elementor-element-7385a856 elementor-widget elementor-widget-image\" data-id=\"7385a856\" data-element_type=\"widget\" data-widget_type=\"image.default\">\n\t\t\t\t\t\t\t\t\t\t\t\t\t\t\t<img loading=\"lazy\" decoding=\"async\" width=\"800\" height=\"559\" src=\"https:\/\/selsa.com\/wp-content\/uploads\/2025\/08\/bas5-1-1024x715.jpg\" class=\"attachment-large size-large wp-image-1420\" alt=\"\" srcset=\"https:\/\/selsa.com\/wp-content\/uploads\/2025\/08\/bas5-1-1024x715.jpg 1024w, https:\/\/selsa.com\/wp-content\/uploads\/2025\/08\/bas5-1-300x209.jpg 300w, https:\/\/selsa.com\/wp-content\/uploads\/2025\/08\/bas5-1-768x536.jpg 768w, https:\/\/selsa.com\/wp-content\/uploads\/2025\/08\/bas5-1.jpg 1418w\" sizes=\"(max-width: 800px) 100vw, 800px\" \/>\t\t\t\t\t\t\t\t\t\t\t\t\t\t\t<\/div>\n\t\t<div class=\"elementor-element elementor-element-4770901f e-con-full e-flex e-con e-child\" data-id=\"4770901f\" data-element_type=\"container\">\n\t\t\t\t<div class=\"elementor-element elementor-element-3f16cceb elementor-widget-mobile__width-initial elementor-widget-tablet__width-initial elementor-widget__width-initial elementor-widget elementor-widget-heading\" data-id=\"3f16cceb\" data-element_type=\"widget\" data-widget_type=\"heading.default\">\n\t\t\t\t\t<h2 class=\"elementor-heading-title elementor-size-default\">D\u00dcNYA-Zeitungsinterview<\/h2>\t\t\t\t<\/div>\n\t\t\t\t<div class=\"elementor-element elementor-element-58692287 elementor-widget__width-initial elementor-hidden-mobile elementor-view-default elementor-widget elementor-widget-icon\" data-id=\"58692287\" data-element_type=\"widget\" data-widget_type=\"icon.default\">\n\t\t\t\t\t\t\t<div class=\"elementor-icon-wrapper\">\n\t\t\t<div class=\"elementor-icon\">\n\t\t\t<svg xmlns=\"http:\/\/www.w3.org\/2000\/svg\" xmlns:xlink=\"http:\/\/www.w3.org\/1999\/xlink\" id=\"Capa_1\" x=\"0px\" y=\"0px\" viewBox=\"0 0 42 42\" fill=\"#738fba\" xml:space=\"preserve\"><polygon points=\"42,20 22,20 22,0 20,0 20,20 0,20 0,22 20,22 20,42 22,42 22,22 42,22 \"><\/polygon><g><\/g><g><\/g><g><\/g><g><\/g><g><\/g><g><\/g><g><\/g><g><\/g><g><\/g><g><\/g><g><\/g><g><\/g><g><\/g><g><\/g><g><\/g><\/svg>\t\t\t<\/div>\n\t\t<\/div>\n\t\t\t\t\t\t<\/div>\n\t\t\t\t<\/div>\n\t\t\t\t<div class=\"elementor-element elementor-element-667dc7dc elementor-widget elementor-widget-text-editor\" data-id=\"667dc7dc\" data-element_type=\"widget\" data-widget_type=\"text-editor.default\">\n\t\t\t\t\t\t\t\t\t<p>Die Zeitung D\u00fcnya interviewte unseren F&amp;E-Manager, Herrn Emre Yurtemre.<\/p>\t\t\t\t\t\t\t\t<\/div>\n\t\t\t\t<\/div>\n\t\t\t\t<\/div>\n\t\t\t\t<\/div>\n\t\t","protected":false},"excerpt":{"rendered":"<p>Wir In Der Presse SELSA stellt die Fertigung auf Elektrofahrzeuge um Unsere Anzeige wurde in der Beilage \u201eAutomobilindustrie\u201c der Zeitung D\u00fcnya ver\u00f6ffentlicht. SELSA wird mit spezieller Produktion zur Marke Die Zeitung D\u00fcnya hat ein Interview mit unserem General Manager, Herrn Cem Dizdar, gef\u00fchrt. Mit F&amp;E-Zentrum unter den ersten 20 % in der T\u00fcrkei Unsere Ank\u00fcndigung [&hellip;]<\/p>\n","protected":false},"author":1,"featured_media":0,"parent":0,"menu_order":0,"comment_status":"closed","ping_status":"closed","template":"","meta":{"footnotes":""},"class_list":["post-2113","page","type-page","status-publish","hentry"],"_links":{"self":[{"href":"https:\/\/selsa.com\/de\/wp-json\/wp\/v2\/pages\/2113","targetHints":{"allow":["GET"]}}],"collection":[{"href":"https:\/\/selsa.com\/de\/wp-json\/wp\/v2\/pages"}],"about":[{"href":"https:\/\/selsa.com\/de\/wp-json\/wp\/v2\/types\/page"}],"author":[{"embeddable":true,"href":"https:\/\/selsa.com\/de\/wp-json\/wp\/v2\/users\/1"}],"replies":[{"embeddable":true,"href":"https:\/\/selsa.com\/de\/wp-json\/wp\/v2\/comments?post=2113"}],"version-history":[{"count":8,"href":"https:\/\/selsa.com\/de\/wp-json\/wp\/v2\/pages\/2113\/revisions"}],"predecessor-version":[{"id":2989,"href":"https:\/\/selsa.com\/de\/wp-json\/wp\/v2\/pages\/2113\/revisions\/2989"}],"wp:attachment":[{"href":"https:\/\/selsa.com\/de\/wp-json\/wp\/v2\/media?parent=2113"}],"curies":[{"name":"wp","href":"https:\/\/api.w.org\/{rel}","templated":true}]}}