{"id":1975,"date":"2025-08-02T13:34:39","date_gmt":"2025-08-02T13:34:39","guid":{"rendered":"https:\/\/seyyarservis.com\/selsa\/production-processes\/"},"modified":"2026-03-31T08:44:56","modified_gmt":"2026-03-31T08:44:56","slug":"production-processes","status":"publish","type":"page","link":"https:\/\/selsa.com\/en\/production-processes\/","title":{"rendered":"Manufacturing Processes"},"content":{"rendered":"\t\t<div data-elementor-type=\"wp-page\" data-elementor-id=\"1975\" class=\"elementor elementor-1975 elementor-420\" data-elementor-post-type=\"page\">\n\t\t\t\t<div class=\"elementor-element elementor-element-5d8177b e-con-full sayfa-brd e-flex e-con e-parent\" data-id=\"5d8177b\" data-element_type=\"container\" data-settings=\"{&quot;background_background&quot;:&quot;classic&quot;}\">\n\t\t<div class=\"elementor-element elementor-element-5ede0a6 e-con-full e-flex e-con e-child\" data-id=\"5ede0a6\" data-element_type=\"container\">\n\t\t\t\t<div class=\"elementor-element elementor-element-20f76af elementor-widget__width-initial elementor-widget-tablet__width-initial elementor-widget-mobile__width-initial elementor-widget elementor-widget-text-editor\" data-id=\"20f76af\" data-element_type=\"widget\" data-widget_type=\"text-editor.default\">\n\t\t\t\t\t\t\t\t\t<p>We Know Our Manufacturing Is Our Brain<\/p>\t\t\t\t\t\t\t\t<\/div>\n\t\t\t\t<div class=\"elementor-element elementor-element-f5478b1 elementor-widget elementor-widget-text-editor\" data-id=\"f5478b1\" data-element_type=\"widget\" data-widget_type=\"text-editor.default\">\n\t\t\t\t\t\t\t\t\tWe produce and combine the latest technology with traditional processing methods.<br><br>\t\t\t\t\t\t\t\t<\/div>\n\t\t\t\t<\/div>\n\t\t\t\t<\/div>\n\t\t<div class=\"elementor-element elementor-element-43814c6 e-flex e-con-boxed e-con e-parent\" data-id=\"43814c6\" data-element_type=\"container\">\n\t\t\t\t\t<div class=\"e-con-inner\">\n\t\t\t\t<div class=\"elementor-element elementor-element-c080c84 iframes elementor-widget elementor-widget-html\" data-id=\"c080c84\" data-element_type=\"widget\" data-widget_type=\"html.default\">\n\t\t\t\t\t    <style>\n      \/* Varsay\u0131lan en-boy oran\u0131: 1000x787 \u2248 %78.7 *\/\n      :root { --kalite-ratio: 1000\/787; }\n\n      .kaliteyetenekleri-container {\n        position: relative;\n        width: 100%;\n        max-width: 100%;\n        overflow: hidden;\n\n        \/* Modern \u00e7\u00f6z\u00fcm *\/\n        aspect-ratio: var(--kalite-ratio);\n\n        \/* Fallback (aspect-ratio yoksa) *\/\n        height: 0;\n        padding-bottom: calc(100% \/ (1000\/787)); \/* %78.7 *\/\n      }\n      @supports (aspect-ratio: 1) {\n        .kaliteyetenekleri-container {\n          height: auto;\n          padding-bottom: 0;\n        }\n      }\n\n      .kaliteyetenekleri-container iframe.kaliteyetenekleri {\n        position: absolute;\n        inset: 0;\n        width: 100%;\n        height: 100%;\n        border: 0;\n        display: block;\n      }\n\n      \/* Mobil iyile\u015ftirmeleri *\/\n      @media (max-width: 768px) {\n        \/* K\u00fc\u00e7\u00fck ekranda daha fazla dikey alan verelim *\/\n        .kaliteyetenekleri-container {\n          \/* aspect-ratio yerine kontroll\u00fc sabit y\u00fckseklik *\/\n          aspect-ratio: auto;\n          height: clamp(420px, 85svh, 95svh);\n          padding-bottom: 0; \/* fallback'i devre d\u0131\u015f\u0131 *\/\n        }\n      }\n\n      \/* iOS\/Safari metin-zoom davran\u0131\u015f\u0131 i\u00e7in ufak iyile\u015ftirme *\/\n      .icerik { -webkit-text-size-adjust: 100%; text-size-adjust: 100%; }\n    <\/style>\n\n    <div class=\"icerik\" style=\"text-align:center;width:100%;overflow:hidden;display:block;position:relative;padding:0 !important;\">\n      <div class=\"kaliteyetenekleri-container\">\n        <iframe\n          id=\"myFrame1\"\n          src=\"https:\/\/selsa.com\/others\/en\/uretimprosesleri\/index.html?20250805030104\"\n          class=\"kaliteyetenekleri\"\n          onload=\"zoomkontrol && typeof zoomkontrol==='function' ? zoomkontrol() : null;\"\n          allowfullscreen\n        ><\/iframe>\n      <\/div>\n    <\/div>\n    \t\t\t\t<\/div>\n\t\t\t\t\t<\/div>\n\t\t\t\t<\/div>\n\t\t\t\t<\/div>\n\t\t","protected":false},"excerpt":{"rendered":"<p>We Know Our Manufacturing Is Our Brain We produce and combine the latest technology with traditional processing methods.<\/p>\n","protected":false},"author":1,"featured_media":0,"parent":0,"menu_order":0,"comment_status":"closed","ping_status":"closed","template":"","meta":{"footnotes":""},"class_list":["post-1975","page","type-page","status-publish","hentry"],"_links":{"self":[{"href":"https:\/\/selsa.com\/en\/wp-json\/wp\/v2\/pages\/1975","targetHints":{"allow":["GET"]}}],"collection":[{"href":"https:\/\/selsa.com\/en\/wp-json\/wp\/v2\/pages"}],"about":[{"href":"https:\/\/selsa.com\/en\/wp-json\/wp\/v2\/types\/page"}],"author":[{"embeddable":true,"href":"https:\/\/selsa.com\/en\/wp-json\/wp\/v2\/users\/1"}],"replies":[{"embeddable":true,"href":"https:\/\/selsa.com\/en\/wp-json\/wp\/v2\/comments?post=1975"}],"version-history":[{"count":19,"href":"https:\/\/selsa.com\/en\/wp-json\/wp\/v2\/pages\/1975\/revisions"}],"predecessor-version":[{"id":3251,"href":"https:\/\/selsa.com\/en\/wp-json\/wp\/v2\/pages\/1975\/revisions\/3251"}],"wp:attachment":[{"href":"https:\/\/selsa.com\/en\/wp-json\/wp\/v2\/media?parent=1975"}],"curies":[{"name":"wp","href":"https:\/\/api.w.org\/{rel}","templated":true}]}}